{"id":223042,"date":"2026-04-23T18:13:21","date_gmt":"2026-04-23T15:13:21","guid":{"rendered":"https:\/\/tablosan.com\/?post_type=product&#038;p=223042"},"modified":"2026-04-23T18:16:44","modified_gmt":"2026-04-23T15:16:44","slug":"istanbul-yalilar-kanvas-tablo-kb16344-50x70-cm","status":"publish","type":"product","link":"https:\/\/tablosan.com\/index.php\/urun\/istanbul-yalilar-kanvas-tablo-kb16344-50x70-cm\/","title":{"rendered":"\u0130stanbul Yal\u0131lar Kanvas Tablo KB16344 50&#215;70 cm"},"content":{"rendered":"<div class=\"wpb-content-wrapper\"><p>[vc_row][vc_column][vc_column_text css=&#8221;&#8221; woodmart_inline=&#8221;no&#8221; text_larger=&#8221;no&#8221;]<\/p>\n<ul>\n<li style=\"list-style-type: none;\">\n<ul>\n<li>% 100 yerli malzeme ile \u00fcretim yap\u0131lmaktad\u0131r.<\/li>\n<\/ul>\n<\/li>\n<\/ul>\n<ul>\n<li style=\"list-style-type: none;\">\n<ul>\n<li>Kanvas kuma\u015f \u00fczerine uygulanan eco-natura boyalar sayesinde ya\u015fam alanlar\u0131n\u0131z\u0131n her k\u00f6\u015fesinde g\u00f6n\u00fcl rahatl\u0131\u011f\u0131 ile kullanabilirsiniz. ~3 cm f\u0131r\u0131nlanm\u0131\u015f ah\u015fap \u015fasi (kasnak) sayesinde \u00e7er\u00e7evesiz kullanabilirsiniz. Kullan\u0131lan ah\u015faplar end\u00fcstriyel a\u011fa\u00e7tan \u00fcretilmi\u015ftir, bu sayede do\u011faya zarar vermeden \u00fcretim sa\u011flanm\u0131\u015ft\u0131r.<\/li>\n<\/ul>\n<\/li>\n<\/ul>\n<ul>\n<li style=\"list-style-type: none;\"><\/li>\n<\/ul>\n<ul>\n<li style=\"list-style-type: none;\">\n<ul>\n<li>Kullan\u0131lan kaliteli malzemeler sayesinde y\u0131llarca rengini korur, solma yapmaz. Tablonuzun \u00f6mr\u00fcn\u00fc uzatmak i\u00e7in nemsiz, havadar bir ortamda, \u0131s\u0131 kaynaklar\u0131ndan uzakta olmas\u0131na ve direkt g\u00fcne\u015f \u0131\u015f\u0131\u011f\u0131na maruz kalmamas\u0131na dikkat ediniz.<\/li>\n<\/ul>\n<\/li>\n<\/ul>\n<p>[\/vc_column_text][\/vc_column][\/vc_row]<\/p>\n<\/div>","protected":false},"excerpt":{"rendered":"<p><strong>Kaliteli Malzeme | % 100 M\u00fc\u015fteri Memnuniyeti<\/strong><\/p>\n","protected":false},"featured_media":89825,"template":"","meta":[],"product_brand":[],"product_cat":[3372,3373],"product_tag":[97,779,96,98,2280,99],"class_list":{"0":"post-223042","1":"product","2":"type-product","3":"status-publish","4":"has-post-thumbnail","6":"product_cat-kampanyali-tablolar","7":"product_cat-kanvas","8":"product_tag-cam-tablo","9":"product_tag-istanbul","10":"product_tag-kanvas-tablo","11":"product_tag-mdf-tablo","12":"product_tag-yalilar","13":"product_tag-yatay","14":"product_shipping_class-standart-kargo-80","16":"first","17":"instock","18":"sale","19":"sold-individually","20":"taxable","21":"shipping-taxable","22":"purchasable","23":"product-type-simple"},"_links":{"self":[{"href":"https:\/\/tablosan.com\/index.php\/wp-json\/wp\/v2\/product\/223042","targetHints":{"allow":["GET"]}}],"collection":[{"href":"https:\/\/tablosan.com\/index.php\/wp-json\/wp\/v2\/product"}],"about":[{"href":"https:\/\/tablosan.com\/index.php\/wp-json\/wp\/v2\/types\/product"}],"wp:featuredmedia":[{"embeddable":true,"href":"https:\/\/tablosan.com\/index.php\/wp-json\/wp\/v2\/media\/89825"}],"wp:attachment":[{"href":"https:\/\/tablosan.com\/index.php\/wp-json\/wp\/v2\/media?parent=223042"}],"wp:term":[{"taxonomy":"product_brand","embeddable":true,"href":"https:\/\/tablosan.com\/index.php\/wp-json\/wp\/v2\/product_brand?post=223042"},{"taxonomy":"product_cat","embeddable":true,"href":"https:\/\/tablosan.com\/index.php\/wp-json\/wp\/v2\/product_cat?post=223042"},{"taxonomy":"product_tag","embeddable":true,"href":"https:\/\/tablosan.com\/index.php\/wp-json\/wp\/v2\/product_tag?post=223042"}],"curies":[{"name":"wp","href":"https:\/\/api.w.org\/{rel}","templated":true}]}}