{"id":222862,"date":"2026-04-23T16:18:27","date_gmt":"2026-04-23T13:18:27","guid":{"rendered":"https:\/\/tablosan.com\/?post_type=product&#038;p=222862"},"modified":"2026-04-23T16:21:33","modified_gmt":"2026-04-23T13:21:33","slug":"hilyei-serif-cerceveli-cam-tablo-cb33067-50x70-cm","status":"publish","type":"product","link":"https:\/\/tablosan.com\/index.php\/urun\/hilyei-serif-cerceveli-cam-tablo-cb33067-50x70-cm\/","title":{"rendered":"Hilyei \u015eerif \u00c7er\u00e7eveli Cam Tablo CB33067 50&#215;70 cm"},"content":{"rendered":"<div class=\"wpb-content-wrapper\"><p>[vc_row][vc_column][vc_column_text css=&#8221;&#8221; woodmart_inline=&#8221;no&#8221; text_larger=&#8221;no&#8221;]<\/p>\n<ul>\n<li style=\"list-style-type: none;\">\n<ul>\n<li>% 100 yerli malzeme ile \u00fcretim yap\u0131lmaktad\u0131r.<\/li>\n<\/ul>\n<\/li>\n<\/ul>\n<ul>\n<li style=\"list-style-type: none;\"><\/li>\n<\/ul>\n<ul>\n<li style=\"list-style-type: none;\">\n<ul>\n<li>Kullan\u0131lan 4 mm ekstra parlak cam, darbeye dayan\u0131kl\u0131 (temperli) ve uzun \u00f6m\u00fcrl\u00fcd\u00fcr. Bask\u0131 y\u00fczeyi cam\u0131n arka taraf\u0131nda kald\u0131\u011f\u0131 i\u00e7in kolayca temizli\u011fini yapabilirsiniz. 2&#215;3 cm&#8217;lik \u00e7er\u00e7eve ile daha g\u00fcvenli hale getirilmi\u015ftir.<\/li>\n<\/ul>\n<\/li>\n<\/ul>\n<ul>\n<li style=\"list-style-type: none;\"><\/li>\n<\/ul>\n<ul>\n<li style=\"list-style-type: none;\">\n<ul>\n<li>\u00c7er\u00e7evelerin arkas\u0131 kapat\u0131larak \u00e7elik ask\u0131 sistemi ile tamamlanmaktad\u0131r. B\u00f6ylelikle temiz ve \u015f\u0131k bir g\u00f6r\u00fcn\u00fcm kazanmaktad\u0131r.<\/li>\n<li>Kullan\u0131lan kaliteli malzemeler sayesinde y\u0131llarca rengini korur, solma yapmaz. Tablonuzun \u00f6mr\u00fcn\u00fc uzatmak i\u00e7in nemsiz, havadar bir ortamda, \u0131s\u0131 kaynaklar\u0131ndan uzakta olmas\u0131na ve direkt g\u00fcne\u015f \u0131\u015f\u0131\u011f\u0131na maruz kalmamas\u0131na dikkat ediniz.<\/li>\n<\/ul>\n<\/li>\n<\/ul>\n<p>[\/vc_column_text][\/vc_column][\/vc_row]<\/p>\n<\/div>","protected":false},"excerpt":{"rendered":"<p><strong>Kaliteli Malzeme | % 100 M\u00fc\u015fteri Memnuniyeti<\/strong><\/p>\n","protected":false},"featured_media":97862,"template":"","meta":[],"product_brand":[],"product_cat":[3374,3372],"product_tag":[97,80,3244,96,98],"class_list":{"0":"post-222862","1":"product","2":"type-product","3":"status-publish","4":"has-post-thumbnail","6":"product_cat-cam","7":"product_cat-kampanyali-tablolar","8":"product_tag-cam-tablo","9":"product_tag-dikey","10":"product_tag-hilyei-serif","11":"product_tag-kanvas-tablo","12":"product_tag-mdf-tablo","13":"product_shipping_class-standart-kargo-80","15":"first","16":"instock","17":"sale","18":"sold-individually","19":"taxable","20":"shipping-taxable","21":"purchasable","22":"product-type-simple"},"_links":{"self":[{"href":"https:\/\/tablosan.com\/index.php\/wp-json\/wp\/v2\/product\/222862","targetHints":{"allow":["GET"]}}],"collection":[{"href":"https:\/\/tablosan.com\/index.php\/wp-json\/wp\/v2\/product"}],"about":[{"href":"https:\/\/tablosan.com\/index.php\/wp-json\/wp\/v2\/types\/product"}],"wp:featuredmedia":[{"embeddable":true,"href":"https:\/\/tablosan.com\/index.php\/wp-json\/wp\/v2\/media\/97862"}],"wp:attachment":[{"href":"https:\/\/tablosan.com\/index.php\/wp-json\/wp\/v2\/media?parent=222862"}],"wp:term":[{"taxonomy":"product_brand","embeddable":true,"href":"https:\/\/tablosan.com\/index.php\/wp-json\/wp\/v2\/product_brand?post=222862"},{"taxonomy":"product_cat","embeddable":true,"href":"https:\/\/tablosan.com\/index.php\/wp-json\/wp\/v2\/product_cat?post=222862"},{"taxonomy":"product_tag","embeddable":true,"href":"https:\/\/tablosan.com\/index.php\/wp-json\/wp\/v2\/product_tag?post=222862"}],"curies":[{"name":"wp","href":"https:\/\/api.w.org\/{rel}","templated":true}]}}