{"id":222846,"date":"2026-04-23T16:15:12","date_gmt":"2026-04-23T13:15:12","guid":{"rendered":"https:\/\/tablosan.com\/?post_type=product&#038;p=222846"},"modified":"2026-04-23T16:17:47","modified_gmt":"2026-04-23T13:17:47","slug":"siyah-beyaz-tekne-cerceveli-mdf-tablo-mb08034-20x60-cm","status":"publish","type":"product","link":"https:\/\/tablosan.com\/index.php\/urun\/siyah-beyaz-tekne-cerceveli-mdf-tablo-mb08034-20x60-cm\/","title":{"rendered":"Siyah Beyaz Tekne \u00c7er\u00e7eveli Mdf Tablo MB08034 20&#215;60 cm"},"content":{"rendered":"<div class=\"wpb-content-wrapper\"><p>[vc_row][vc_column][vc_column_text css=&#8221;&#8221; woodmart_inline=&#8221;no&#8221; text_larger=&#8221;no&#8221;]<\/p>\n<ul>\n<li style=\"list-style-type: none;\">\n<ul>\n<li>% 100 yerli malzeme ile \u00fcretim yap\u0131lmaktad\u0131r.<\/li>\n<\/ul>\n<\/li>\n<\/ul>\n<ul>\n<li style=\"list-style-type: none;\"><\/li>\n<\/ul>\n<ul>\n<li style=\"list-style-type: none;\">\n<ul>\n<li>3 mm mdf \u00fczerine yap\u0131lan bask\u0131 ile ger\u00e7ek\u00e7i sonu\u00e7 ve kaliteli g\u00f6r\u00fcn\u00fcm elde edilmektedir. 2&#215;3 cm&#8217;lik \u00e7er\u00e7evesi ile dayan\u0131kl\u0131, hafif ve uzun \u00f6m\u00fcrl\u00fcd\u00fcr.<\/li>\n<\/ul>\n<\/li>\n<\/ul>\n<ul>\n<li style=\"list-style-type: none;\">\n<ul>\n<li>\u00c7er\u00e7evelerin arkas\u0131 kapat\u0131larak \u00e7elik ask\u0131 sistemi ile tamamlanmaktad\u0131r. B\u00f6ylelikle temiz ve \u015f\u0131k bir g\u00f6r\u00fcn\u00fcm kazanmaktad\u0131r.<\/li>\n<li>Kullan\u0131lan kaliteli malzemeler sayesinde y\u0131llarca rengini korur, solma yapmaz. Tablonuzun \u00f6mr\u00fcn\u00fc uzatmak i\u00e7in nemsiz, havadar bir ortamda, \u0131s\u0131 kaynaklar\u0131ndan uzakta olmas\u0131na ve direkt g\u00fcne\u015f \u0131\u015f\u0131\u011f\u0131na maruz kalmamas\u0131na dikkat ediniz.<\/li>\n<\/ul>\n<\/li>\n<\/ul>\n<p>[\/vc_column_text][\/vc_column][\/vc_row]<\/p>\n<\/div>","protected":false},"excerpt":{"rendered":"<p><strong>Kaliteli Malzeme | % 100 M\u00fc\u015fteri Memnuniyeti<\/strong><\/p>\n","protected":false},"featured_media":83565,"template":"","meta":[],"product_brand":[],"product_cat":[3372,3375],"product_tag":[93,97,96,98,137,288,99],"class_list":{"0":"post-222846","1":"product","2":"type-product","3":"status-publish","4":"has-post-thumbnail","6":"product_cat-kampanyali-tablolar","7":"product_cat-mdf","8":"product_tag-beyaz","9":"product_tag-cam-tablo","10":"product_tag-kanvas-tablo","11":"product_tag-mdf-tablo","12":"product_tag-siyah","13":"product_tag-tekne","14":"product_tag-yatay","15":"product_shipping_class-standart-kargo-80","17":"first","18":"instock","19":"sale","20":"sold-individually","21":"taxable","22":"shipping-taxable","23":"purchasable","24":"product-type-simple"},"_links":{"self":[{"href":"https:\/\/tablosan.com\/index.php\/wp-json\/wp\/v2\/product\/222846","targetHints":{"allow":["GET"]}}],"collection":[{"href":"https:\/\/tablosan.com\/index.php\/wp-json\/wp\/v2\/product"}],"about":[{"href":"https:\/\/tablosan.com\/index.php\/wp-json\/wp\/v2\/types\/product"}],"wp:featuredmedia":[{"embeddable":true,"href":"https:\/\/tablosan.com\/index.php\/wp-json\/wp\/v2\/media\/83565"}],"wp:attachment":[{"href":"https:\/\/tablosan.com\/index.php\/wp-json\/wp\/v2\/media?parent=222846"}],"wp:term":[{"taxonomy":"product_brand","embeddable":true,"href":"https:\/\/tablosan.com\/index.php\/wp-json\/wp\/v2\/product_brand?post=222846"},{"taxonomy":"product_cat","embeddable":true,"href":"https:\/\/tablosan.com\/index.php\/wp-json\/wp\/v2\/product_cat?post=222846"},{"taxonomy":"product_tag","embeddable":true,"href":"https:\/\/tablosan.com\/index.php\/wp-json\/wp\/v2\/product_tag?post=222846"}],"curies":[{"name":"wp","href":"https:\/\/api.w.org\/{rel}","templated":true}]}}