{"id":222586,"date":"2026-04-08T02:12:49","date_gmt":"2026-04-07T23:12:49","guid":{"rendered":"https:\/\/tablosan.com\/?post_type=product&#038;p=222586"},"modified":"2026-04-09T23:04:41","modified_gmt":"2026-04-09T20:04:41","slug":"istanbul-matrakci-nasuh-cerceveli-mdf-tablo-mb21099-60x90-cm","status":"publish","type":"product","link":"https:\/\/tablosan.com\/index.php\/urun\/istanbul-matrakci-nasuh-cerceveli-mdf-tablo-mb21099-60x90-cm\/","title":{"rendered":"\u0130stanbul Matrak\u00e7\u0131 Nasuh \u00c7er\u00e7eveli Mdf Tablo | MB21099 60&#215;90 cm"},"content":{"rendered":"<div class=\"wpb-content-wrapper\"><p>[vc_row][vc_column][vc_column_text css=&#8221;&#8221; woodmart_inline=&#8221;no&#8221; text_larger=&#8221;no&#8221;]<\/p>\n<ul>\n<li style=\"list-style-type: none;\">\n<ul>\n<li>T\u00fcm sipari\u015flerimiz, onay\u0131n\u0131zdan sonra, ad\u0131n\u0131za \u00f6zel \u00fcretim yap\u0131larak paketlenmektedir. L\u00fctfen tabloyu asmak istedi\u011finiz yerin \u00f6l\u00e7\u00fclerini kontrol edip, sat\u0131n alaca\u011f\u0131n\u0131z tablonun boyutlar\u0131yla kar\u015f\u0131la\u015ft\u0131rarak sipari\u015finizi veriniz.<\/li>\n<\/ul>\n<\/li>\n<\/ul>\n<ul>\n<li style=\"list-style-type: none;\">\n<ul>\n<li>% 100 yerli malzeme ile \u00fcretim yap\u0131lmaktad\u0131r.<\/li>\n<\/ul>\n<\/li>\n<\/ul>\n<ul>\n<li style=\"list-style-type: none;\"><\/li>\n<\/ul>\n<ul>\n<li style=\"list-style-type: none;\"><\/li>\n<\/ul>\n<ul>\n<li style=\"list-style-type: none;\">\n<ul>\n<li><strong>\u00c7er\u00e7eveli Mdf Tablo:<\/strong> 3 mm mdf \u00fczerine yap\u0131lan bask\u0131 ile ger\u00e7ek\u00e7i sonu\u00e7 ve kaliteli g\u00f6r\u00fcn\u00fcm elde edilmektedir. 2&#215;3 cm&#8217;lik \u00e7er\u00e7evesi ile dayan\u0131kl\u0131, hafif ve uzun \u00f6m\u00fcrl\u00fcd\u00fcr.<\/li>\n<\/ul>\n<\/li>\n<\/ul>\n<ul>\n<li style=\"list-style-type: none;\">\n<ul>\n<li>\u00c7er\u00e7evelerin arkas\u0131 kapat\u0131larak \u00e7elik ask\u0131 sistemi ile tamamlanmaktad\u0131r. B\u00f6ylelikle temiz ve \u015f\u0131k bir g\u00f6r\u00fcn\u00fcm kazanmaktad\u0131r.<\/li>\n<li>Kullan\u0131lan kaliteli malzemeler sayesinde y\u0131llarca rengini korur, solma yapmaz. Tablonuzun \u00f6mr\u00fcn\u00fc uzatmak i\u00e7in nemsiz, havadar bir ortamda, \u0131s\u0131 kaynaklar\u0131ndan uzakta olmas\u0131na ve direkt g\u00fcne\u015f \u0131\u015f\u0131\u011f\u0131na maruz kalmamas\u0131na dikkat ediniz.<\/li>\n<\/ul>\n<\/li>\n<\/ul>\n<p>[\/vc_column_text][\/vc_column][\/vc_row]<\/p>\n<\/div>","protected":false},"excerpt":{"rendered":"<p><strong>Kaliteli Malzeme | % 100 M\u00fc\u015fteri Memnuniyeti<\/strong><\/p>\n","protected":false},"featured_media":82626,"template":"","meta":[],"product_brand":[],"product_cat":[3372,3375],"product_tag":[80,779,2496,98,2497],"class_list":{"0":"post-222586","1":"product","2":"type-product","3":"status-publish","4":"has-post-thumbnail","6":"product_cat-kampanyali-tablolar","7":"product_cat-mdf","8":"product_tag-dikey","9":"product_tag-istanbul","10":"product_tag-matrakci","11":"product_tag-mdf-tablo","12":"product_tag-nasuh","13":"product_shipping_class-standart-kargo-80","15":"first","16":"instock","17":"sale","18":"sold-individually","19":"taxable","20":"shipping-taxable","21":"purchasable","22":"product-type-simple"},"_links":{"self":[{"href":"https:\/\/tablosan.com\/index.php\/wp-json\/wp\/v2\/product\/222586","targetHints":{"allow":["GET"]}}],"collection":[{"href":"https:\/\/tablosan.com\/index.php\/wp-json\/wp\/v2\/product"}],"about":[{"href":"https:\/\/tablosan.com\/index.php\/wp-json\/wp\/v2\/types\/product"}],"wp:featuredmedia":[{"embeddable":true,"href":"https:\/\/tablosan.com\/index.php\/wp-json\/wp\/v2\/media\/82626"}],"wp:attachment":[{"href":"https:\/\/tablosan.com\/index.php\/wp-json\/wp\/v2\/media?parent=222586"}],"wp:term":[{"taxonomy":"product_brand","embeddable":true,"href":"https:\/\/tablosan.com\/index.php\/wp-json\/wp\/v2\/product_brand?post=222586"},{"taxonomy":"product_cat","embeddable":true,"href":"https:\/\/tablosan.com\/index.php\/wp-json\/wp\/v2\/product_cat?post=222586"},{"taxonomy":"product_tag","embeddable":true,"href":"https:\/\/tablosan.com\/index.php\/wp-json\/wp\/v2\/product_tag?post=222586"}],"curies":[{"name":"wp","href":"https:\/\/api.w.org\/{rel}","templated":true}]}}