{"id":219499,"date":"2025-07-28T23:18:39","date_gmt":"2025-07-28T20:18:39","guid":{"rendered":"https:\/\/tablosan.com\/?post_type=product&#038;p=219499"},"modified":"2026-03-12T00:37:38","modified_gmt":"2026-03-11T21:37:38","slug":"yagli-boya-dokulu-tablo-kahve-siyah-altin-soyut-altin-cerceveli-2","status":"publish","type":"product","link":"https:\/\/tablosan.com\/index.php\/urun\/yagli-boya-dokulu-tablo-kahve-siyah-altin-soyut-altin-cerceveli-2\/","title":{"rendered":"Ya\u011fl\u0131 Boya Dokulu Tablo Kahve Siyah Alt\u0131n Soyut Alt\u0131n \u00c7er\u00e7eveli"},"content":{"rendered":"<p>Ya\u011fl\u0131 boya dokulu tablolar\u0131m\u0131z, sipari\u015finiz \u00fczerine \u00fcretilip ressamlar\u0131m\u0131z taraf\u0131ndan kabartma boya uygulanarak tamamlanmaktad\u0131r. Tuval y\u00fczeyinin tamam\u0131na i\u015flem yap\u0131lmaktad\u0131r; b\u00f6ylece ger\u00e7ek ya\u011fl\u0131 boya tablo g\u00f6r\u00fcn\u00fcm\u00fc elde edilir. Tasar\u0131m ve bask\u0131 kalitesi sayesinde her detayda daha ger\u00e7ek\u00e7i bir g\u00f6r\u00fcn\u00fcm kazanan bu serimiz ile ya\u015fam alanlar\u0131n\u0131zda stilinizi keyifle yans\u0131tabileceksiniz.<\/p>\n<p>&nbsp;<\/p>\n<ul>\n<li>\u00c7er\u00e7evesi 2 cm geni\u015flik ve 3 cm y\u00fcksekli\u011finde olup yerli \u00fcretimdir. \u00c7er\u00e7evenin arkas\u0131 60 gr. kapama beziyle kapanarak temiz bir g\u00f6r\u00fcn\u00fcm elde edilmi\u015ftir.<\/li>\n<li>Kullan\u0131lan kaliteli malzemeler sayesinde y\u0131llarca rengini korur, solma yapmaz; tablonun \u00f6mr\u00fcn\u00fc uzatmak i\u00e7in direkt g\u00fcn \u0131\u015f\u0131\u011f\u0131ndan korunakl\u0131 ve kalorifer, klima, soba gibi \u0131s\u0131 kaynaklar\u0131ndan uzak bir yerde kullanman\u0131z \u00f6nerilir.<\/li>\n<li>Hafif nemli bez veya toz toplay\u0131c\u0131 t\u00fcylerle temizli\u011fini kolayca yapabilirsiniz. Suya kar\u015f\u0131 mukavemetlidir.<\/li>\n<\/ul>\n","protected":false},"excerpt":{"rendered":"<p><strong>Kaliteli Malzeme | % 100 M\u00fc\u015fteri Memnuniyeti<\/strong><\/p>\n","protected":false},"featured_media":80478,"template":"","meta":[],"product_brand":[],"product_cat":[71,3342,72],"product_tag":[79,80,429,137,76,75],"class_list":{"0":"post-219499","1":"product","2":"type-product","3":"status-publish","4":"has-post-thumbnail","6":"product_cat-kabartma-tablolar","7":"product_cat-soyut","8":"product_cat-yagli-boya-dokulu-tablolar","9":"product_tag-altin","10":"product_tag-dikey","11":"product_tag-kahve","12":"product_tag-siyah","13":"product_tag-soyut","14":"product_tag-yagli-boya-dokulu-tablo","15":"product_shipping_class-standart-kargo-80","17":"first","18":"instock","19":"sale","20":"taxable","21":"shipping-taxable","22":"purchasable","23":"product-type-variable"},"_links":{"self":[{"href":"https:\/\/tablosan.com\/index.php\/wp-json\/wp\/v2\/product\/219499","targetHints":{"allow":["GET"]}}],"collection":[{"href":"https:\/\/tablosan.com\/index.php\/wp-json\/wp\/v2\/product"}],"about":[{"href":"https:\/\/tablosan.com\/index.php\/wp-json\/wp\/v2\/types\/product"}],"wp:featuredmedia":[{"embeddable":true,"href":"https:\/\/tablosan.com\/index.php\/wp-json\/wp\/v2\/media\/80478"}],"wp:attachment":[{"href":"https:\/\/tablosan.com\/index.php\/wp-json\/wp\/v2\/media?parent=219499"}],"wp:term":[{"taxonomy":"product_brand","embeddable":true,"href":"https:\/\/tablosan.com\/index.php\/wp-json\/wp\/v2\/product_brand?post=219499"},{"taxonomy":"product_cat","embeddable":true,"href":"https:\/\/tablosan.com\/index.php\/wp-json\/wp\/v2\/product_cat?post=219499"},{"taxonomy":"product_tag","embeddable":true,"href":"https:\/\/tablosan.com\/index.php\/wp-json\/wp\/v2\/product_tag?post=219499"}],"curies":[{"name":"wp","href":"https:\/\/api.w.org\/{rel}","templated":true}]}}