{"id":107504,"date":"2025-07-22T19:55:48","date_gmt":"2025-07-22T16:55:48","guid":{"rendered":"https:\/\/tablosan.com\/?post_type=product&#038;p=107504"},"modified":"2026-01-29T02:02:33","modified_gmt":"2026-01-28T23:02:33","slug":"ataturk-mecliste-konusma-yaparken-kanvas-tablo-cam-tablo-mdf-tablo-a02062","status":"publish","type":"product","link":"https:\/\/tablosan.com\/index.php\/urun\/ataturk-mecliste-konusma-yaparken-kanvas-tablo-cam-tablo-mdf-tablo-a02062\/","title":{"rendered":"Atat\u00fcrk Mecliste Konu\u015fma Yaparken | Kanvas Tablo | Cam Tablo | Mdf Tablo | A02062"},"content":{"rendered":"<div class=\"wpb-content-wrapper\"><p>[vc_row][vc_column][vc_column_text css=&#8221;&#8221; woodmart_inline=&#8221;no&#8221; text_larger=&#8221;no&#8221;]<\/p>\n<ul>\n<li style=\"list-style-type: none;\">\n<ul>\n<li>T\u00fcm sipari\u015flerimiz, onay\u0131n\u0131zdan sonra, ad\u0131n\u0131za \u00f6zel \u00fcretim yap\u0131larak paketlenmektedir. L\u00fctfen tabloyu asmak istedi\u011finiz yerin \u00f6l\u00e7\u00fclerini kontrol edip, sat\u0131n alaca\u011f\u0131n\u0131z tablonun boyutlar\u0131yla kar\u015f\u0131la\u015ft\u0131rarak sipari\u015finizi veriniz.<\/li>\n<\/ul>\n<\/li>\n<\/ul>\n<ul>\n<li style=\"list-style-type: none;\">\n<ul>\n<li>% 100 yerli malzeme ile \u00fcretim yap\u0131lmaktad\u0131r.<\/li>\n<\/ul>\n<\/li>\n<\/ul>\n<ul>\n<li style=\"list-style-type: none;\">\n<ul>\n<li><strong>Kanvas Tablo: <\/strong>Kanvas kuma\u015f \u00fczerine uygulanan eco-natura boyalar sayesinde ya\u015fam alanlar\u0131n\u0131z\u0131n her k\u00f6\u015fesinde g\u00f6n\u00fcl rahatl\u0131\u011f\u0131 ile kullanabilirsiniz. ~3 cm f\u0131r\u0131nlanm\u0131\u015f ah\u015fap \u015fasi (kasnak) sayesinde \u00e7er\u00e7evesiz kullanabilirsiniz. Kullan\u0131lan ah\u015faplar end\u00fcstriyel a\u011fa\u00e7tan \u00fcretilmi\u015ftir, bu sayede do\u011faya zarar vermeden \u00fcretim sa\u011flanm\u0131\u015ft\u0131r.<\/li>\n<\/ul>\n<\/li>\n<\/ul>\n<ul>\n<li style=\"list-style-type: none;\">\n<ul>\n<li><strong>\u00c7er\u00e7eveli Cam Tablo: <\/strong>Kullan\u0131lan 4 mm ekstra parlak cam, darbeye dayan\u0131kl\u0131 (temperli) ve uzun \u00f6m\u00fcrl\u00fcd\u00fcr. Bask\u0131 y\u00fczeyi cam\u0131n arka taraf\u0131nda kald\u0131\u011f\u0131 i\u00e7in kolayca temizli\u011fini yapabilirsiniz. 2&#215;3 cm&#8217;lik \u00e7er\u00e7eve ile daha g\u00fcvenli hale getirilmi\u015ftir.<\/li>\n<\/ul>\n<\/li>\n<\/ul>\n<ul>\n<li style=\"list-style-type: none;\">\n<ul>\n<li><strong>\u00c7er\u00e7eveli Mdf Tablo:<\/strong> 3 mm mdf \u00fczerine yap\u0131lan bask\u0131 ile ger\u00e7ek\u00e7i sonu\u00e7 ve kaliteli g\u00f6r\u00fcn\u00fcm elde edilmektedir. 2&#215;3 cm&#8217;lik \u00e7er\u00e7evesi ile dayan\u0131kl\u0131, hafif ve uzun \u00f6m\u00fcrl\u00fcd\u00fcr.<\/li>\n<\/ul>\n<\/li>\n<\/ul>\n<ul>\n<li style=\"list-style-type: none;\">\n<ul>\n<li>\u00c7er\u00e7evelerin arkas\u0131 kapat\u0131larak \u00e7elik ask\u0131 sistemi ile tamamlanmaktad\u0131r. B\u00f6ylelikle temiz ve \u015f\u0131k bir g\u00f6r\u00fcn\u00fcm kazanmaktad\u0131r.<\/li>\n<li>Kullan\u0131lan kaliteli malzemeler sayesinde y\u0131llarca rengini korur, solma yapmaz. Tablonuzun \u00f6mr\u00fcn\u00fc uzatmak i\u00e7in nemsiz, havadar bir ortamda, \u0131s\u0131 kaynaklar\u0131ndan uzakta olmas\u0131na ve direkt g\u00fcne\u015f \u0131\u015f\u0131\u011f\u0131na maruz kalmamas\u0131na dikkat ediniz.<\/li>\n<\/ul>\n<\/li>\n<\/ul>\n<p>[\/vc_column_text][\/vc_column][\/vc_row]<\/p>\n<\/div>","protected":false},"excerpt":{"rendered":"<p><strong>Kaliteli Malzeme | % 100 M\u00fc\u015fteri Memnuniyeti<\/strong><\/p>\n","protected":false},"featured_media":96999,"template":"","meta":[],"product_brand":[],"product_cat":[294,89,88],"product_tag":[299,97,96,327,98,326,308,99],"class_list":{"0":"post-107504","1":"product","2":"type-product","3":"status-publish","4":"has-post-thumbnail","6":"product_cat-ataturk","7":"product_cat-fotograf-gorseller","8":"product_cat-tablo-galerisi","9":"product_tag-ataturk","10":"product_tag-cam-tablo","11":"product_tag-kanvas-tablo","12":"product_tag-konusma","13":"product_tag-mdf-tablo","14":"product_tag-mecliste","15":"product_tag-yaparken","16":"product_tag-yatay","17":"product_shipping_class-standart-kargo-80","19":"first","20":"instock","21":"sale","22":"taxable","23":"shipping-taxable","24":"purchasable","25":"product-type-variable"},"_links":{"self":[{"href":"https:\/\/tablosan.com\/index.php\/wp-json\/wp\/v2\/product\/107504","targetHints":{"allow":["GET"]}}],"collection":[{"href":"https:\/\/tablosan.com\/index.php\/wp-json\/wp\/v2\/product"}],"about":[{"href":"https:\/\/tablosan.com\/index.php\/wp-json\/wp\/v2\/types\/product"}],"wp:featuredmedia":[{"embeddable":true,"href":"https:\/\/tablosan.com\/index.php\/wp-json\/wp\/v2\/media\/96999"}],"wp:attachment":[{"href":"https:\/\/tablosan.com\/index.php\/wp-json\/wp\/v2\/media?parent=107504"}],"wp:term":[{"taxonomy":"product_brand","embeddable":true,"href":"https:\/\/tablosan.com\/index.php\/wp-json\/wp\/v2\/product_brand?post=107504"},{"taxonomy":"product_cat","embeddable":true,"href":"https:\/\/tablosan.com\/index.php\/wp-json\/wp\/v2\/product_cat?post=107504"},{"taxonomy":"product_tag","embeddable":true,"href":"https:\/\/tablosan.com\/index.php\/wp-json\/wp\/v2\/product_tag?post=107504"}],"curies":[{"name":"wp","href":"https:\/\/api.w.org\/{rel}","templated":true}]}}