{"id":220534,"date":"2025-08-29T00:34:38","date_gmt":"2025-08-28T21:34:38","guid":{"rendered":"https:\/\/tablosan.com\/?page_id=220534"},"modified":"2025-08-29T23:12:00","modified_gmt":"2025-08-29T20:12:00","slug":"iletisim","status":"publish","type":"page","link":"https:\/\/tablosan.com\/index.php\/iletisim\/","title":{"rendered":"\u0130leti\u015fim"},"content":{"rendered":"<div class=\"wpb-content-wrapper\"><p>[vc_row css=&#8221;.vc_custom_1484587700785{margin-bottom: 0px !important;}&#8221;][vc_column width=&#8221;1\/2&#8243; css=&#8221;.vc_custom_1525772281033{margin-bottom: 30px !important;padding-top: 0px !important;}&#8221; offset=&#8221;vc_col-lg-4 vc_col-md-4&#8243;]\n\t\t<div id=\"wd-68b0ca3041cfd\" class=\"title-wrapper wd-wpb wd-set-mb reset-last-child  wd-rs-68b0ca3041cfd wd-title-color-default wd-title-style-default text-left vc_custom_1756416611238 wd-underline-colored\">\n\t\t\t\n\t\t\t<div class=\"liner-continer\">\n\t\t\t\t<h4 class=\"woodmart-title-container title  wd-font-weight- wd-fontsize-l\" >\u0130danova E Ticaret ve Bili\u015fim Hizmetleri Ticaret Limited \u015eirketi<\/h4>\n\t\t\t\t\t\t\t<\/div>\n\t\t\t\n\t\t\t\n\t\t\t\n\t\t<\/div>\n\t\t\n\t\t[vc_row_inner][vc_column_inner]\t\t\t<div class=\"info-box-wrapper\">\n\t\t\t\t<div id=\"wd-68b0cad45b382\" class=\" wd-rs-68b0cad45b382 wd-info-box wd-wpb text-left box-icon-align-top box-style- color-scheme- wd-bg-none vc_custom_1756416738412\">\n\t\t\t\t\t\t\t\t\t\t<div class=\"info-box-content\">\n\t\t\t\t\t\t<h4 class=\"info-box-title title wd-font-weight-600 box-title-style-default font-text wd-fontsize-s\">Adres:<\/h4>\t\t\t\t\t\t<div class=\"info-box-inner reset-last-child\"><p>Bah\u00e7e\u015fehir 2. K\u0131s\u0131m Mah. 8. Cadde<br \/>\nCem Dostlar Sitesi No: 14U<br \/>\nBa\u015fak\u015fehir \/ \u0130stanbul<\/p>\n<\/div>\n\n\t\t\t\t\t\t\t\t\t\t\t<\/div>\n\n\t\t\t\t\t\n\t\t\t\t\t\t\t\t\t<\/div>\n\t\t\t<\/div>\n\t\t\t\t<div id=\"wd-68b0caa11a95a\" class=\"wd-text-block wd-wpb reset-last-child wd-rs-68b0caa11a95a text-left \">\n\t\t\t<p><span style=\"color: #333333;\"><strong>E-Posta:<\/strong><\/span>\u00a0 iletisim@tablosan.com<br \/>\n<span style=\"color: #333333;\"><strong>Telefon:<\/strong><\/span>\u00a0 +90 549 474 1925<\/p>\n\t\t<\/div>\n\t\t[\/vc_column_inner][\/vc_row_inner]\n\t\t<div id=\"wd-68b203ec9f672\" class=\"title-wrapper wd-wpb wd-set-mb reset-last-child  wd-rs-68b203ec9f672 wd-title-color-default wd-title-style-default text-left vc_custom_1756496888661 wd-underline-colored\">\n\t\t\t\n\t\t\t<div class=\"liner-continer\">\n\t\t\t\t<h4 class=\"woodmart-title-container title  wd-font-weight- wd-fontsize-l\" >Bize Yaz\u0131n<\/h4>\n\t\t\t\t\t\t\t<\/div>\n\t\t\t\n\t\t\t\n\t\t\t\n\t\t<\/div>\n\t\t\n\t\t\t\t<div id=\"wd-68b0cb5240660\" class=\"wd-text-block wd-wpb reset-last-child wd-rs-68b0cb5240660 text-left vc_custom_1756416872276\">\n\t\t\t<p>Sorular\u0131n\u0131z i\u00e7in a\u015fa\u011f\u0131daki formu doldurabilirsiniz.<\/p>\n\t\t<\/div>\n\t\t<div id=\"wd-68b203fe3b885\" class=\" wd-rs-68b203fe3b885   wd-rs-68b203fe3b885 wd-button-wrapper text-left\"><a href=\"#contact-form-popup\" title=\"\" class=\"btn btn-color-primary btn-style-default btn-shape-rectangle btn-size-default wd-open-popup \">Mesaj Yaz<\/a><\/div><div id=\"contact-form-popup\" class=\"mfp-hide wd-popup wd-popup-element wd-scroll-content\" style=\"--wd-popup-width:900px;\">\t\t\t\t\t<div class=\"wd-cf7 wd-wpb wd-rs-68b0ccf3f4071\">\n\t\t\t\t\n<div class=\"wpcf7 no-js\" id=\"wpcf7-f67-o1\" lang=\"tr-TR\" dir=\"ltr\" data-wpcf7-id=\"67\">\n<div class=\"screen-reader-response\"><p role=\"status\" aria-live=\"polite\" aria-atomic=\"true\"><\/p> <ul><\/ul><\/div>\n<form action=\"\/index.php\/wp-json\/wp\/v2\/pages\/220534#wpcf7-f67-o1\" method=\"post\" class=\"wpcf7-form init\" aria-label=\"\u0130leti\u015fim Formu\" novalidate=\"novalidate\" data-status=\"init\">\n<fieldset class=\"hidden-fields-container\"><input type=\"hidden\" name=\"_wpcf7\" value=\"67\" \/><input type=\"hidden\" name=\"_wpcf7_version\" value=\"6.1.5\" \/><input type=\"hidden\" name=\"_wpcf7_locale\" value=\"tr_TR\" \/><input type=\"hidden\" name=\"_wpcf7_unit_tag\" value=\"wpcf7-f67-o1\" \/><input type=\"hidden\" name=\"_wpcf7_container_post\" value=\"0\" \/><input type=\"hidden\" name=\"_wpcf7_posted_data_hash\" value=\"\" \/>\n<\/fieldset>\n<p><label> Ad\u0131n\u0131z<br \/>\n<span class=\"wpcf7-form-control-wrap\" data-name=\"your-name\"><input size=\"40\" maxlength=\"400\" class=\"wpcf7-form-control wpcf7-text wpcf7-validates-as-required\" autocomplete=\"name\" aria-required=\"true\" aria-invalid=\"false\" value=\"\" type=\"text\" name=\"your-name\" \/><\/span> <\/label>\n<\/p>\n<p><label> E-posta adresiniz<br \/>\n<span class=\"wpcf7-form-control-wrap\" data-name=\"your-email\"><input size=\"40\" maxlength=\"400\" class=\"wpcf7-form-control wpcf7-email wpcf7-validates-as-required wpcf7-text wpcf7-validates-as-email\" autocomplete=\"email\" aria-required=\"true\" aria-invalid=\"false\" value=\"\" type=\"email\" name=\"your-email\" \/><\/span> <\/label>\n<\/p>\n<p><label> Konu<br \/>\n<span class=\"wpcf7-form-control-wrap\" data-name=\"your-subject\"><input size=\"40\" maxlength=\"400\" class=\"wpcf7-form-control wpcf7-text wpcf7-validates-as-required\" aria-required=\"true\" aria-invalid=\"false\" value=\"\" type=\"text\" name=\"your-subject\" \/><\/span> <\/label>\n<\/p>\n<p><label> Mesaj\u0131n\u0131z<br \/>\n<span class=\"wpcf7-form-control-wrap\" data-name=\"your-message\"><textarea cols=\"40\" rows=\"10\" maxlength=\"2000\" class=\"wpcf7-form-control wpcf7-textarea\" aria-invalid=\"false\" name=\"your-message\"><\/textarea><\/span> <\/label>\n<\/p>\n<p><input class=\"wpcf7-form-control wpcf7-submit has-spinner\" type=\"submit\" value=\"G\u00f6nder\" \/>\n<\/p><div class=\"wpcf7-response-output\" aria-hidden=\"true\"><\/div>\n<\/form>\n<\/div>\n\t\t\t<\/div>\n\t\t\t\t<\/div>[\/vc_column][vc_column width=&#8221;1\/2&#8243; offset=&#8221;vc_col-lg-8 vc_col-md-8&#8243; css=&#8221;.vc_custom_1525772275884{margin-bottom: 30px !important;padding-top: 0px !important;}&#8221;]\t\t\t<div class=\"google-map-container wd-map-container   wd-rs-68b0cca044ed8\" style=\"\" data-map-args='{&quot;multiple_markers&quot;:&quot;no&quot;,&quot;latitude&quot;:&quot;41.08042555496813&quot;,&quot;longitude&quot;:&quot;28.668227896950658&quot;,&quot;zoom&quot;:&quot;15&quot;,&quot;mouse_zoom&quot;:&quot;yes&quot;,&quot;init_type&quot;:&quot;page_load&quot;,&quot;init_offset&quot;:&quot;100&quot;,&quot;elementor&quot;:false,&quot;json_style&quot;:&quot;&quot;,&quot;marker_icon&quot;:&quot;https:\\\/\\\/tablosan.com\\\/wp-content\\\/themes\\\/woodmart\\\/inc\\\/admin\\\/assets\\\/images\\\/google-icon.png&quot;,&quot;marker_icon_size&quot;:&quot;&quot;,&quot;marker_text_needed&quot;:&quot;no&quot;,&quot;marker_text&quot;:&quot;&lt;h3 style=\\&quot;min-width:300px; text-align:center; margin:15px;\\&quot;&gt;&lt;\\\/h3&gt;&quot;,&quot;selector&quot;:&quot;wd-map-id-69e634cc7f676&quot;,&quot;markers&quot;:&quot;&quot;,&quot;center&quot;:&quot;&quot;}'>\n\t\t\t\t\n\t\t\t\t\n\t\t\t\t<div class=\"wd-google-map-wrapper wd-map-wrapper wd-fill\">\n\t\t\t\t\t<div id=\"wd-map-id-69e634cc7f676\" class=\"wd-google-map without-content wd-fill\"><\/div>\n\t\t\t\t<\/div>\n\n\t\t\t\t\t\t\t<\/div>\n\t\t[\/vc_column][\/vc_row]<\/p>\n<\/div>","protected":false},"excerpt":{"rendered":"<p>[vc_row css=&#8221;.vc_custom_1484587700785{margin-bottom: 0px !important;}&#8221;][vc_column width=&#8221;1\/2&#8243; css=&#8221;.vc_custom_1525772281033{margin-bottom: 30px !important;padding-top: 0px !important;}&#8221; offset=&#8221;vc_col-lg-4 vc_col-md-4&#8243;][vc_row_inner][vc_column_inner][\/vc_column_inner][\/vc_row_inner][\/vc_column][vc_column width=&#8221;1\/2&#8243; offset=&#8221;vc_col-lg-8 vc_col-md-8&#8243; css=&#8221;.vc_custom_1525772275884{margin-bottom: 30px !important;padding-top: 0px !important;}&#8221;][\/vc_column][\/vc_row]<\/p>\n","protected":false},"author":1,"featured_media":0,"parent":0,"menu_order":0,"comment_status":"closed","ping_status":"closed","template":"","meta":{"footnotes":""},"class_list":["post-220534","page","type-page","status-publish","hentry"],"_links":{"self":[{"href":"https:\/\/tablosan.com\/index.php\/wp-json\/wp\/v2\/pages\/220534","targetHints":{"allow":["GET"]}}],"collection":[{"href":"https:\/\/tablosan.com\/index.php\/wp-json\/wp\/v2\/pages"}],"about":[{"href":"https:\/\/tablosan.com\/index.php\/wp-json\/wp\/v2\/types\/page"}],"author":[{"embeddable":true,"href":"https:\/\/tablosan.com\/index.php\/wp-json\/wp\/v2\/users\/1"}],"replies":[{"embeddable":true,"href":"https:\/\/tablosan.com\/index.php\/wp-json\/wp\/v2\/comments?post=220534"}],"version-history":[{"count":13,"href":"https:\/\/tablosan.com\/index.php\/wp-json\/wp\/v2\/pages\/220534\/revisions"}],"predecessor-version":[{"id":220565,"href":"https:\/\/tablosan.com\/index.php\/wp-json\/wp\/v2\/pages\/220534\/revisions\/220565"}],"wp:attachment":[{"href":"https:\/\/tablosan.com\/index.php\/wp-json\/wp\/v2\/media?parent=220534"}],"curies":[{"name":"wp","href":"https:\/\/api.w.org\/{rel}","templated":true}]}}