{"id":220306,"date":"2025-08-22T15:11:48","date_gmt":"2025-08-22T12:11:48","guid":{"rendered":"https:\/\/tablosan.com\/?page_id=220306"},"modified":"2025-08-29T00:14:01","modified_gmt":"2025-08-28T21:14:01","slug":"hakkimizda","status":"publish","type":"page","link":"https:\/\/tablosan.com\/index.php\/hakkimizda\/","title":{"rendered":"Hakk\u0131m\u0131zda"},"content":{"rendered":"<div class=\"wpb-content-wrapper\"><p>[vc_row][vc_column][vc_column_text css=&#8221;&#8221; woodmart_inline=&#8221;no&#8221; text_larger=&#8221;no&#8221;]<\/p>\n<p data-start=\"467\" data-end=\"727\">Tablosan olarak amac\u0131m\u0131z; evinizi, ofisinizi ya da i\u015f yerinizi sanatsal tablolarla daha anlaml\u0131 hale getirebilmektir. Kanvas, cam, MDF, ya\u011fl\u0131 boya dokulu veya orijinal ya\u011fl\u0131 boya tablolar aras\u0131ndan diledi\u011finiz formu se\u00e7erek ayn\u0131 g\u00f6rsele farkl\u0131 yorumlarla sahip olabilirsiniz.<\/p>\n<p data-start=\"729\" data-end=\"922\">\u00dcretim s\u00fcrecimizde kalite ve m\u00fc\u015fteri memnuniyetini merkeze al\u0131yor, her bir tabloyu yaln\u0131zca dekoratif bir e\u015fya de\u011fil; ki\u015fisel bir hik\u00e2yeyi ifade eden \u00f6zel bir eser olarak ele al\u0131yoruz.<\/p>\n<p data-start=\"924\" data-end=\"1148\">Bireysel m\u00fc\u015fterilerden b\u00fcy\u00fck \u00f6l\u00e7ekli kurumsal projelere kadar uzanan yelpazede, h\u0131zl\u0131, g\u00fcvenilir ve prestijli \u00e7\u00f6z\u00fcmler sunuyoruz. Tablosan\u2019\u0131n her \u00fcr\u00fcn\u00fc, bulundu\u011fu mekana estetik katan bir de\u011fer olarak tasarlanmaktad\u0131r.<\/p>\n<p>Geleneksel i\u015f\u00e7ili\u011fi modern anlay\u0131\u015fla bulu\u015fturuyor, ya\u015fam alanlar\u0131n\u0131za yaln\u0131zca g\u00fczellik de\u011fil, ayn\u0131 zamanda anlam katabilmek i\u00e7in de \u00e7al\u0131\u015f\u0131yoruz. \u00c7\u00fcnk\u00fc biliyoruz ki se\u00e7ti\u011finiz her bir g\u00f6rsel kendi hikayenizi ta\u015f\u0131r.[\/vc_column_text][\/vc_column][\/vc_row]<\/p>\n<\/div>","protected":false},"excerpt":{"rendered":"<p>[vc_row][vc_column][vc_column_text css=&#8221;&#8221; woodmart_inline=&#8221;no&#8221; text_larger=&#8221;no&#8221;] Tablosan olarak amac\u0131m\u0131z; evinizi, ofisinizi ya da i\u015f yerinizi sanatsal tablolarla daha anlaml\u0131 hale getirebilmektir. Kanvas,<\/p>\n","protected":false},"author":1,"featured_media":0,"parent":0,"menu_order":0,"comment_status":"closed","ping_status":"closed","template":"","meta":{"footnotes":""},"class_list":["post-220306","page","type-page","status-publish","hentry"],"_links":{"self":[{"href":"https:\/\/tablosan.com\/index.php\/wp-json\/wp\/v2\/pages\/220306","targetHints":{"allow":["GET"]}}],"collection":[{"href":"https:\/\/tablosan.com\/index.php\/wp-json\/wp\/v2\/pages"}],"about":[{"href":"https:\/\/tablosan.com\/index.php\/wp-json\/wp\/v2\/types\/page"}],"author":[{"embeddable":true,"href":"https:\/\/tablosan.com\/index.php\/wp-json\/wp\/v2\/users\/1"}],"replies":[{"embeddable":true,"href":"https:\/\/tablosan.com\/index.php\/wp-json\/wp\/v2\/comments?post=220306"}],"version-history":[{"count":4,"href":"https:\/\/tablosan.com\/index.php\/wp-json\/wp\/v2\/pages\/220306\/revisions"}],"predecessor-version":[{"id":220549,"href":"https:\/\/tablosan.com\/index.php\/wp-json\/wp\/v2\/pages\/220306\/revisions\/220549"}],"wp:attachment":[{"href":"https:\/\/tablosan.com\/index.php\/wp-json\/wp\/v2\/media?parent=220306"}],"curies":[{"name":"wp","href":"https:\/\/api.w.org\/{rel}","templated":true}]}}