{"id":220304,"date":"2025-08-21T21:46:16","date_gmt":"2025-08-21T18:46:16","guid":{"rendered":"https:\/\/tablosan.com\/?page_id=220304"},"modified":"2025-08-21T22:03:33","modified_gmt":"2025-08-21T19:03:33","slug":"kvkk","status":"publish","type":"page","link":"https:\/\/tablosan.com\/index.php\/kvkk\/","title":{"rendered":"KVKK"},"content":{"rendered":"<div class=\"wpb-content-wrapper\"><p>[vc_row][vc_column][vc_column_text css=&#8221;&#8221; woodmart_inline=&#8221;no&#8221; text_larger=&#8221;no&#8221;]<\/p>\n<p>Bu Ayd\u0131nlatma Metni, Bah\u00e7e\u015fehir 2. K\u0131s\u0131m Mah. 8. Cadde Cem Dostlar Sitesi No: 14U \u0130\u00e7 Kap\u0131 No:1 Ba\u015fak\u015fehir \/ \u0130stanbul \u00a0adresinde kurulu <strong>\u0130DANOVA E T\u0130CARET VE B\u0130L\u0130\u015e\u0130M H\u0130ZMETLER\u0130 T\u0130C LTD \u015eT\u0130 \u00a0(\u201cBiz\u201d, \u201c\u015eirket\u201d)<\/strong> taraf\u0131ndan veri sorumlusu s\u0131fat\u0131yla i\u015flenen ki\u015fisel veriler hakk\u0131nda, 6698 say\u0131l\u0131 Ki\u015fisel Verilerin Korunmas\u0131 Kanunu (\u201c<strong>KVKK<\/strong>\u201d) kapsam\u0131nda ilgili ki\u015fileri bilgilendirme amac\u0131yla haz\u0131rlanm\u0131\u015ft\u0131r. Grup \u015firketlerimiz hakk\u0131nda detayl\u0131 bilgiye <a href=\"https:\/\/tablosan.com\/\">https:\/\/tablosan.com\/<\/a>\u00a0 adresinden ula\u015fabilirsiniz.<\/p>\n<p>\u015eirket taraf\u0131ndan i\u015flenen ki\u015fisel verilerinizin KVKK\u2019ya uygun olarak toplanmas\u0131, saklanmas\u0131, aktar\u0131lmas\u0131 da d\u00e2hil olmak \u00fczere i\u015flenmesi, s\u00f6z konusu i\u015flemenin amac\u0131 ve KVKK kapsam\u0131ndaki haklar\u0131n\u0131z ile ilgili olarak sizi bilgilendirmek isteriz.<\/p>\n<p><strong>K\u0130\u015e\u0130SEL VER\u0130LER\u0130N TOPLANMA Y\u00d6NTEMLER\u0130 VE HUKUK\u0130 SEBEPLER\u0130<\/strong><\/p>\n<p>\u015eirketimiz ki\u015fisel verilerinizi, www.tablosan.com ve di\u011fer internet sitelerimiz, \u00e7erezler, web analiz ara\u00e7lar\u0131 ve benzer teknolojiler arac\u0131l\u0131\u011f\u0131yla; \u015firketimiz lokasyonlar\u0131ndan birini ziyaret etmeniz halinde g\u00fcvenlik kameralar\u0131yla, ziyaret\u00e7i giri\u015f kay\u0131tlar\u0131 vas\u0131tas\u0131yla otomatik ve otomatik olmayan yaz\u0131l\u0131, s\u00f6zl\u00fc ve dijital y\u00f6ntemlerle toplayabilmektedir.<\/p>\n<p><strong>K\u0130\u015e\u0130SEL VER\u0130LER\u0130N\u0130Z<\/strong><\/p>\n<p>\u015eirketimiz taraf\u0131ndan i\u015flenen ki\u015fisel verileriniz, \u015eirketimizle olan ili\u015fkinize g\u00f6re de\u011fi\u015febilecek olup; ad, soyad, telefon numaras\u0131, e-posta adresi, posta adresi, internet sitelerimiz ve mobil uygulamalar\u0131m\u0131z \u00fczerinden iletti\u011finiz bilgiler, yapt\u0131\u011f\u0131n\u0131z i\u015flemler, gezintiler ve davran\u0131\u015flar ile (marka, model, dil tercihi, taray\u0131c\u0131 bilgileri, IP, lokasyon, kablosuz ba\u011flant\u0131 durumu gibi) kulland\u0131\u011f\u0131n\u0131z cihaza ve internet ba\u011flant\u0131n\u0131za ili\u015fkin bilgiler, \u00e7erez bilgileri gibi ki\u015fisel verileriniz i\u015flenmektedir.<\/p>\n<p><strong>K\u0130\u015e\u0130SEL VER\u0130LER\u0130N \u0130\u015eLENMES\u0130 VE \u0130\u015eLENME AMA\u00c7LARI<\/strong><\/p>\n<p>Ki\u015fisel verileriniz;<\/p>\n<ul>\n<li>Tedarik zinciri y\u00f6netimi s\u00fcre\u00e7lerinin planlanmas\u0131 ve icras\u0131, \u015eirket operasyon s\u00fcre\u00e7lerinin planlanmas\u0131 ve icras\u0131, i\u015f ortaklar\u0131 ve\/veya tedarik\u00e7ilerle olan ili\u015fkilerin y\u00f6netimi, \u00fcr\u00fcn ve\/veya hizmetlerin sat\u0131\u015f s\u00fcre\u00e7lerinin planlanmas\u0131 ve icras\u0131, i\u015f faaliyetlerinin y\u00fcr\u00fct\u00fclmesi, ileti\u015fim faaliyetlerinin y\u00fcr\u00fct\u00fclmesi, lojistik faaliyetlerinin y\u00fcr\u00fct\u00fclmesi, denetim, i\u00e7 kontrol, hukuk, finans ve \u015firket i\u00e7i operasyonlar\u0131n y\u00fcr\u00fct\u00fclmesi, organizasyon ve etkinlik y\u00f6netimi, bilgi g\u00fcvenli\u011fi ve fiziksel g\u00fcvenlik s\u00fcre\u00e7lerinin y\u00fcr\u00fct\u00fclmesi, saklama ve ar\u015fiv faaliyetlerinin y\u00fcr\u00fct\u00fclmesi, faaliyetlerin mevzuata uygun y\u00fcr\u00fct\u00fclmesi, \u015eirketimizin ba\u011fl\u0131 oldu\u011fu \u015firketlerin grup politikalar\u0131na uyum ama\u00e7lar\u0131yla bir s\u00f6zle\u015fmenin kurulmas\u0131 veya ifas\u0131yla do\u011frudan do\u011fruya ilgili olmas\u0131 kayd\u0131yla s\u00f6zle\u015fmenin taraflar\u0131na ait ki\u015fisel verilerin i\u015flenmesinin gerekli olmas\u0131 ve \u015eirketimizin me\u015fru menfaati i\u00e7in veri i\u015flemenin zorunlu olmas\u0131;<\/li>\n<li>\u015eirketimizin hukuki y\u00fck\u00fcml\u00fcl\u00fcklerine uyum ve ilgili\/yetkili kamu kurulu\u015flar\u0131na gerekli bildirimlerin yap\u0131lmas\u0131 ama\u00e7lar\u0131yla \u015eirketimizin hukuki y\u00fck\u00fcml\u00fcl\u00fcklerini yerine getirebilmesi ve herhangi bir uyu\u015fmazl\u0131k halinde bir hakk\u0131n tesisi, kullan\u0131lmas\u0131 veya korunmas\u0131 i\u00e7in veri i\u015flemenin zorunlu olmas\u0131 hukuki sebeplerine dayanarak i\u015flenmektedir.<\/li>\n<\/ul>\n<p><strong>\u0130\u015eLENEN K\u0130\u015e\u0130SEL VER\u0130LER\u0130N \u00dc\u00c7\u00dcNC\u00dc K\u0130\u015e\u0130LERE AKTARILMASI<\/strong><\/p>\n<p>Ki\u015fisel verileriniz yukar\u0131da belirtilen ama\u00e7lar ve mevzuata uygun olarak s\u00f6z konusu ama\u00e7lar i\u00e7in gerekli ve ilgili oldu\u011fu \u00f6l\u00e7\u00fcde yurti\u00e7i ve yurtd\u0131\u015f\u0131ndaki \u00fc\u00e7\u00fcnc\u00fc ki\u015filere aktar\u0131labilecektir. \u015eirketimizin standart s\u00fcre\u00e7leri \u00e7er\u00e7evesinde ki\u015fisel verilerinizin yurti\u00e7i ve yurtd\u0131\u015f\u0131ndaki ki\u015filerle payla\u015f\u0131labilece\u011fi ba\u015fl\u0131ca durumlar a\u015fa\u011f\u0131daki gibidir:<\/p>\n<p>\u00c7erez politikam\u0131zda belirtilen ama\u00e7larla \u00e7erez sa\u011flay\u0131c\u0131 \u00fc\u00e7\u00fcnc\u00fc taraflarla, tedarik zincirinde yer alan tedarik\u00e7ilerin ve i\u015f ortaklar\u0131n\u0131n tedarik s\u00fcrecini y\u00fcr\u00fctmek i\u00e7in birbirlerine tan\u0131t\u0131lmas\u0131 ve birbirleriyle irtibata ge\u00e7ebilmeleri i\u00e7in di\u011fer \u015eirket tedarik\u00e7ileriyle; denetim s\u00fcre\u00e7leri kapsam\u0131nda denet\u00e7ilerle; bir uyu\u015fmazl\u0131k olmas\u0131 halinde g\u00f6r\u00fc\u015f almak i\u00e7in avukatlarla ve hukuki uyu\u015fmazl\u0131k kapsam\u0131nda ilgili yarg\u0131 mercileri ve avukatlar ile ki\u015fisel verilerinizi talep etmeye yetkili ki\u015fi ve kurumlarla payla\u015f\u0131labilmektedir.<\/p>\n<p><strong>HAKLARINIZ<\/strong><\/p>\n<p>KVKK\u2019n\u0131n 11. maddesi kapsam\u0131nda a\u015fa\u011f\u0131da say\u0131l\u0131 haklar\u0131n\u0131z bulundu\u011funu hat\u0131rlatmak isteriz:<\/p>\n<ul>\n<li>Ki\u015fisel veri i\u015flenip i\u015flenmedi\u011fini \u00f6\u011frenme ve buna ili\u015fkin bilgi talep etme,<\/li>\n<li>Ki\u015fisel verilerin i\u015flenme amac\u0131n\u0131 ve bunlar\u0131n amac\u0131na uygun kullan\u0131l\u0131p kullan\u0131lmad\u0131\u011f\u0131n\u0131 \u00f6\u011frenme,<\/li>\n<li>Yurt i\u00e7inde veya yurt d\u0131\u015f\u0131nda ki\u015fisel verilerin aktar\u0131ld\u0131\u011f\u0131 \u00fc\u00e7\u00fcnc\u00fc ki\u015fileri bilme,<\/li>\n<li>Ki\u015fisel verilerin eksik veya yanl\u0131\u015f i\u015flenmi\u015f olmas\u0131 h\u00e2linde bunlar\u0131n d\u00fczeltilmesini isteme ve bu kapsamda yap\u0131lan i\u015flemin ki\u015fisel verilerin aktar\u0131ld\u0131\u011f\u0131 \u00fc\u00e7\u00fcnc\u00fc ki\u015filere bildirilmesini isteme,<\/li>\n<li>KVKK\u2019n\u0131n ve ilgili di\u011fer kanun h\u00fck\u00fcmlerine uygun olarak i\u015flenmi\u015f olmas\u0131na ra\u011fmen, i\u015flenmesini gerektiren sebeplerin ortadan kalkmas\u0131 h\u00e2linde ki\u015fisel verilerin silinmesini veya yok edilmesini isteme ve bu kapsamda yap\u0131lan i\u015flemin ki\u015fisel verilerin aktar\u0131ld\u0131\u011f\u0131 \u00fc\u00e7\u00fcnc\u00fc ki\u015filere bildirilmesini isteme,<\/li>\n<li>\u0130\u015flenen verilerin m\u00fcnhas\u0131ran otomatik sistemler vas\u0131tas\u0131yla analiz edilmesi suretiyle ki\u015finin kendisi aleyhine bir sonucun ortaya \u00e7\u0131kmas\u0131na itiraz etme,<\/li>\n<li>Ki\u015fisel verilerin kanuna ayk\u0131r\u0131 olarak i\u015flenmesi sebebiyle zarara u\u011framas\u0131 h\u00e2linde zarar\u0131n giderilmesini talep etme.<\/li>\n<\/ul>\n<p><strong>\u0130LET\u0130\u015e\u0130M<\/strong><\/p>\n<p>KVKK kapsam\u0131ndaki yukar\u0131da belirtilen haklar\u0131n\u0131za ili\u015fkin taleplerinizi \u015eirketimize, kimli\u011finizin do\u011frulanmas\u0131 \u015fart\u0131 ile yaz\u0131l\u0131 olarak ve KVK Kurumu\u2019nun y\u00fcr\u00fcrl\u00fckteki d\u00fczenlemelerine uygun olarak iletebilirsiniz. \u015eirketimize ba\u015fvurular\u0131n\u0131z\u0131 \u0130lgili Ki\u015fi Bilgi Talep Formu\u2019nu doldurarak elden veya posta yolu ile veya \u015eirketimiz nezdinde \u00f6nceden kay\u0131tl\u0131 e-posta adresiniz \u00fczerinden kvkk@tablosan.com adresine ya da idanova.eticaret@hs01.kep.tr \u00a0adresine g\u00fcvenli elektronik imzal\u0131 olarak iletebilirsiniz. Detayl\u0131 bilgi i\u00e7in ilgili formu inceleyebilirsiniz.<\/p>\n<p>Ba\u015fvurunuza 30 g\u00fcn i\u00e7erisinde d\u00f6n\u00fc\u015f sa\u011flanacakt\u0131r. Ba\u015fvurular\u0131n\u0131za sa\u011fl\u0131kl\u0131 yan\u0131t verilebilmesi i\u00e7in mevzuat gere\u011fince ba\u015fvurunuzun ad, soyad, TCKN (yabanc\u0131lar i\u00e7in uyruk ve pasaport numaras\u0131), cevab\u0131m\u0131z\u0131 iletebilece\u011fimiz adres bilgilerini ve kimli\u011finizi tevsik edici belgeleri i\u00e7ermesi, e-posta \u00fczerinden ba\u015fvuruyorsan\u0131z kulland\u0131\u011f\u0131n\u0131z e-posta adresinin sistemlerimizde \u00f6nceden kay\u0131tl\u0131 olmas\u0131, talebinizi belirli, a\u00e7\u0131k ve anla\u015f\u0131l\u0131r bi\u00e7imde belirtmeniz, talep etti\u011finiz konunun \u015fahs\u0131n\u0131z ile ilgili olmas\u0131 veya ba\u015fkas\u0131 ad\u0131na hareket ediyor iseniz bu konuda \u00f6zel olarak yetkili olman\u0131z ve yetkinizi belgelendirmeniz gerekmektedir.<\/p>\n<p><strong>Ticaret unvan\u0131: \u0130DANOVA E T\u0130CARET VE B\u0130L\u0130\u015e\u0130M H\u0130ZMETLER\u0130 T\u0130C LTD \u015eT\u0130<\/strong><\/p>\n<p><strong>Adres: <\/strong>Bah\u00e7e\u015fehir 2. K\u0131s\u0131m Mah. 8. Cadde Cem Dostlar Sitesi No: 14U \u0130\u00e7 Kap\u0131 No:1 Ba\u015fak\u015fehir \/ \u0130stanbul<\/p>\n<p><strong>Mersis No: <\/strong><strong>0470-0631-1510-0019<\/strong><\/p>\n<p><strong>Ticaret Sicil No: <\/strong><strong>30694-5<\/strong><\/p>\n<p><strong>Kay\u0131tl\u0131 E Posta: <\/strong><strong>idanova.eticaret@hs01.kep.tr<\/strong><\/p>\n<p><strong>Telefon: <\/strong><strong>0549 474 1925<\/strong><\/p>\n<p>\u0130danova E Ticaret ve Bili\u015fim Hizmetleri Tic Ltd \u015eti, i\u015fbu Gizlilik Politikas\u0131 ve Kullan\u0131c\u0131 S\u00f6zle\u015fmesinde tan\u0131ml\u0131 olan haller haricinde ki\u015fisel bilgileri herhangi bir \u015firket veya \u00fc\u00e7\u00fcnc\u00fc ki\u015filere a\u00e7\u0131klamayacakt\u0131r. \u0130danova E Ticaret ve Bili\u015fim Hizmetleri Tic Ltd \u015eti, ki\u015fisel bilgileri kendi b\u00fcnyesinde m\u00fc\u015fteri profili belirlemek ve istatistiksel \u00e7al\u0131\u015fmalar yapmak amac\u0131yla kullanabilecek ve sadece bu \u00e7al\u0131\u015fmalar\u0131n yap\u0131lmas\u0131 amac\u0131yla 3.ki\u015filer ile payla\u015fabilecektir.<\/p>\n<p>\u0130danova E Ticaret ve Bili\u015fim Hizmetleri Tic Ltd \u015eti. \u00fcyelik a\u015famas\u0131nda ve daha sonras\u0131nda sizden baz\u0131 ki\u015fisel bilgilerinizi talep eder. Ki\u015fisel bilgilerinizin korunmas\u0131 ve gizlili\u011finizin s\u00fcrd\u00fcr\u00fclebilmesi, \u0130danova E Ticaret ve Bili\u015fim Hizmetleri Tic Ltd \u015eti. ekibi olarak birinci \u00f6nceli\u011fimizdir. Bu nedenle vermi\u015f oldu\u011funuz bilgiler, \u00dcyelik S\u00f6zle\u015fmesi\u2019nde belirtilen kurallar ve ama\u00e7lar d\u0131\u015f\u0131nda herhangi bir kapsamda kullan\u0131lmayacak, \u00fc\u00e7\u00fcnc\u00fc \u015fah\u0131slarla payla\u015f\u0131lmayacakt\u0131r.<\/p>\n<p>Sistemle ilgili sorunlar\u0131n tespiti ve s\u00f6z konusu sorunlar\u0131n en h\u0131zl\u0131 \u015fekilde giderilebilmesi i\u00e7in, \u0130danova E Ticaret ve Bili\u015fim Hizmetleri Tic Ltd \u015eti. gerekti\u011finde kullan\u0131c\u0131lar\u0131n IP adresini tespit etmekte ve bunu kullanmaktad\u0131r. IP adresleri, kullan\u0131c\u0131lar\u0131 genel bir \u015fekilde tan\u0131mlamak ve kapsaml\u0131 demografik bilgi toplamak amac\u0131yla da kullan\u0131labilir.<\/p>\n<p>Sitemizdeki kay\u0131t formlar\u0131, sipari\u015f formlar\u0131, anketler ve yar\u0131\u015fmalarda, irtibat bilgilerinizi (ad\u0131n\u0131z, soyad\u0131n\u0131z, email adresiniz, telefon numaralar\u0131n\u0131z ve posta adresiniz) vermeniz talep edilmektedir. Ayr\u0131ca, sat\u0131n alma formunda kredi kart\u0131 bilgilerinizi vermeniz gerekmektedir. Yukar\u0131da bahsedilen ki\u015fisel bilgileriniz; sipari\u015flerinizi almak, \u00fcr\u00fcn ve hizmetlerimizi sunmak, \u00f6demelerinizi ger\u00e7ekle\u015ftirmek, sipari\u015flerinizi ula\u015ft\u0131rmak ve sipari\u015fleriniz ile ilgili bilgi vermek, \u00fcr\u00fcnler ve hizmetler hakk\u0131nda pazarlama amac\u0131yla sizinle irtibata ge\u00e7mek, bilgilerinizi g\u00fcncellemek, \u00fcyeli\u011finizi y\u00f6netmek ve s\u00fcrd\u00fcrmek, ilginizi \u00e7ekebilecek \u00fcr\u00fcn ve hizmetleri \u00f6nermek ve 3. \u015fah\u0131slar\u0131n teknik, lojistik ve benzeri di\u011fer i\u015flevlerini bizim ad\u0131m\u0131za yerine getirmelerini sa\u011flamak amac\u0131yla kullan\u0131lmaktad\u0131r.<\/p>\n<p>www.tablosan.com \u00fcyesi oldu\u011funuz andan itibaren, aksi taraf\u0131n\u0131zdan talep edilmedi\u011fi s\u00fcrece, g\u00fcnl\u00fck ve haftal\u0131k bilgilendirme emailleri, e-mail adresinize g\u00f6nderilecektir. Diledi\u011finiz zaman bu e-maillerle ilgili de\u011fi\u015fiklik yapma, hizmetten vazge\u00e7me ve yeniden ba\u015flatma hakk\u0131n\u0131z bulunmaktad\u0131r. Bu e-maillerin i\u00e7eri\u011fi; sat\u0131n alm\u0131\u015f oldu\u011funuz \u00fcr\u00fcn veya \u00fcr\u00fcnlerle ilgili bilgiler, ilgilenece\u011finizi d\u00fc\u015f\u00fcnd\u00fc\u011f\u00fcm\u00fcz di\u011fer \u00fcr\u00fcnler, 3. ki\u015filerin reklamlar\u0131n\u0131 ve benzeri bilgileri i\u00e7erebilir. Demografik bilgiler, sitemizi kullan\u0131c\u0131lar\u0131m\u0131z\u0131n ilgi alanlar\u0131na g\u00f6re uyarlamak i\u00e7in kullan\u0131lmaktad\u0131r. Bu bilgiler, reklamlar\u0131n hedef kitleye uyarlanabilmesini temin etmek maksad\u0131yla ve yaln\u0131zca di\u011fer kullan\u0131c\u0131lara ait bilgilerle birlikte olmak \u00fczere, reklam verenlerle payla\u015f\u0131labilir. Bu bilgilerde herhangi bir \u015fekilde ki\u015fisel bilgi verilmez, sadece grup olarak kullan\u0131c\u0131 e\u011filimleri ile ilgili bir tak\u0131m \u00e7\u0131kar\u0131mlar yapmak ve segmentasyon amac\u0131yla kullan\u0131l\u0131r. Toplanan mali bilgiler sat\u0131n ald\u0131\u011f\u0131n\u0131z \u00fcr\u00fcn ve hizmetleri size fatura etmek i\u00e7in kullan\u0131lmaktad\u0131r. Sitemizde bir sat\u0131n alma yapt\u0131\u011f\u0131n\u0131zda size ait mali bilgilerin, i\u015fleminizi ger\u00e7ekle\u015ftirmek i\u00e7in gerekli 3. \u015fah\u0131slara (bankalar, kredi kart\u0131 \u015firketleri vb.) verilmesini kabul etmektesiniz. Payla\u015f\u0131lacak bilgiler; kredi kart\u0131 numaras\u0131, son kullanma tarihi, CVV2 de dahil olmak \u00fczere gerekli t\u00fcm mali bilgileri i\u00e7erir.<\/p>\n<p>T\u00fcm kredi kart\u0131 ve ki\u015fisel bilgileriniz, internet g\u00fcvenlik standard\u0131 olan SSL Secure sistemi ile 128 mbit \u015fifrelenmi\u015ftir. Bu \u015fekilde, internet \u00fczerindeki dola\u015f\u0131mlar\u0131 s\u0131ras\u0131nda herhangi bir \u015fekilde bu bilgilerinizin istenilmeyen ki\u015fi veya kurumlar taraf\u0131ndan ele ge\u00e7irilmesi \u00f6nlenmi\u015ftir. Gizlilik politikam\u0131z ile ilgili her t\u00fcrl\u00fc soru ve \u00f6neriniz i\u00e7in sitemizdeki ileti\u015fim b\u00f6l\u00fcm\u00fcnden bize email g\u00f6nderebilirsiniz.<\/p>\n<p>www.tablosan.com \u00fcyelik iptal i\u015fleminizi ileti\u015fim@tablosan.com adresine email g\u00f6n derebilir veya www.tablosan.com \u2019a yukar\u0131da yer alan ileti\u015fim bilgilerinden ula\u015fabilirsiniz.<\/p>\n<p>\u0130danova E Ticaret ve Bili\u015fim Hizmetleri Tic Ltd \u015eti, kullan\u0131c\u0131lara ve kullan\u0131c\u0131lar\u0131n www.tablosan.com sitesinin kullan\u0131m\u0131na dair bilgileri, teknik bir ileti\u015fim dosyas\u0131n\u0131 (Kurabiye-Cookie) kullanarak elde edebilir. Ancak, kullan\u0131c\u0131lar dilerlerse teknik ileti\u015fim dosyas\u0131n\u0131n gelmemesi veya teknik ileti\u015fim dosyas\u0131 g\u00f6nderildi\u011finde ikaz verilmesini sa\u011flayacak bi\u00e7imde taray\u0131c\u0131 ayarlar\u0131n\u0131 de\u011fi\u015ftirebilirler.<\/p>\n<p><strong>AYDINLATMA METN\u0130NDE YAPILACAK DE\u011e\u0130\u015e\u0130KL\u0130KLER VE DEV\u0130R<\/strong><\/p>\n<p>\u015eirketimiz, i\u015fbu ayd\u0131nlatma metninde de\u011fi\u015fiklik yapma hakk\u0131n\u0131 sakl\u0131 tutmaktad\u0131r. De\u011fi\u015fiklikler yay\u0131n tarihinde y\u00fcr\u00fcrl\u00fc\u011fe girecek olup, g\u00fcncel Ayd\u0131nlatma Metnine https:\/\/tablosan.com\/kvkk\/ adresinden ula\u015f\u0131labilecektir.<\/p>\n<p>\u015eirketimiz, veri sorumlusu s\u0131fat\u0131yla i\u015flemekte oldu\u011fu ki\u015fisel verilerle birlikte k\u0131smen veya tamamen \u00fc\u00e7\u00fcnc\u00fc ki\u015filere devredebilir. Devir halinde i\u015fbu Ayd\u0131nlatma Metni, herhangi bir de\u011fi\u015fiklik yap\u0131l\u0131ncaya dek aynen ge\u00e7erli olacakt\u0131r.<\/p>\n<p>&nbsp;<\/p>\n<p>[\/vc_column_text][\/vc_column][\/vc_row]<\/p>\n<\/div>","protected":false},"excerpt":{"rendered":"<p>[vc_row][vc_column][vc_column_text css=&#8221;&#8221; woodmart_inline=&#8221;no&#8221; text_larger=&#8221;no&#8221;] Bu Ayd\u0131nlatma Metni, Bah\u00e7e\u015fehir 2. K\u0131s\u0131m Mah. 8. Cadde Cem Dostlar Sitesi No: 14U \u0130\u00e7 Kap\u0131<\/p>\n","protected":false},"author":1,"featured_media":0,"parent":0,"menu_order":0,"comment_status":"closed","ping_status":"closed","template":"","meta":{"footnotes":""},"class_list":["post-220304","page","type-page","status-publish","hentry"],"_links":{"self":[{"href":"https:\/\/tablosan.com\/index.php\/wp-json\/wp\/v2\/pages\/220304","targetHints":{"allow":["GET"]}}],"collection":[{"href":"https:\/\/tablosan.com\/index.php\/wp-json\/wp\/v2\/pages"}],"about":[{"href":"https:\/\/tablosan.com\/index.php\/wp-json\/wp\/v2\/types\/page"}],"author":[{"embeddable":true,"href":"https:\/\/tablosan.com\/index.php\/wp-json\/wp\/v2\/users\/1"}],"replies":[{"embeddable":true,"href":"https:\/\/tablosan.com\/index.php\/wp-json\/wp\/v2\/comments?post=220304"}],"version-history":[{"count":1,"href":"https:\/\/tablosan.com\/index.php\/wp-json\/wp\/v2\/pages\/220304\/revisions"}],"predecessor-version":[{"id":220305,"href":"https:\/\/tablosan.com\/index.php\/wp-json\/wp\/v2\/pages\/220304\/revisions\/220305"}],"wp:attachment":[{"href":"https:\/\/tablosan.com\/index.php\/wp-json\/wp\/v2\/media?parent=220304"}],"curies":[{"name":"wp","href":"https:\/\/api.w.org\/{rel}","templated":true}]}}