{"id":220299,"date":"2025-08-21T21:30:10","date_gmt":"2025-08-21T18:30:10","guid":{"rendered":"https:\/\/tablosan.com\/?page_id=220299"},"modified":"2025-08-21T21:34:32","modified_gmt":"2025-08-21T18:34:32","slug":"mesafeli-satis-sozlesmesi","status":"publish","type":"page","link":"https:\/\/tablosan.com\/index.php\/mesafeli-satis-sozlesmesi\/","title":{"rendered":"Mesafeli Sat\u0131\u015f S\u00f6zle\u015fmesi"},"content":{"rendered":"<div class=\"wpb-content-wrapper\"><p>[vc_row][vc_column][vc_column_text css=&#8221;&#8221; woodmart_inline=&#8221;no&#8221; text_larger=&#8221;no&#8221;]<strong>\u00a0<\/strong><\/p>\n<ol>\n<li>S\u00d6ZLE\u015eMEN\u0130N TARAFLARI<\/li>\n<\/ol>\n<p>SATICI: <strong>\u0130DANOVA E T\u0130CARET VE B\u0130L\u0130\u015e\u0130M H\u0130ZM T\u0130C LTD \u015eT\u0130<\/strong><\/p>\n<p>ADRES: Bah\u00e7e\u015fehir 2. K\u0131s\u0131m Mah. 8. Cadde Cem Dostlar Sitesi No:14U Ba\u015fak\u015fehir \/ \u0130stanbul \/ T\u00dcRK\u0130YE<\/p>\n<p>\u0130nternet Sitesi: <strong>www.tablosan.com<\/strong><\/p>\n<p>E-posta : satis@tablosan.com<\/p>\n<p>Tel. No: +90 (549) 474 1925<\/p>\n<p>Ticaret Sicil No: 30694-5<\/p>\n<p>MERS\u0130S No: 0470063115100019<\/p>\n<p>ALICI\/T\u00dcKET\u0130C\u0130: [*]<\/p>\n<p>Telefon: [*]<\/p>\n<p>Adresi : [*]<\/p>\n<p>E-posta: [*]<\/p>\n<p>\u0130\u015fbu Mesafeli Sat\u0131\u015f S\u00f6zle\u015fmesi\u2019nde SATICI ve ALICI ayr\u0131 ayr\u0131 \u2018Taraf\u201d birlikte \u2018Taraflar\u201d olarak<\/p>\n<p>an\u0131lacakt\u0131r.<\/p>\n<ol start=\"2\">\n<li>S\u0130PAR\u0130\u015e KONUSU \u00dcR\u00dcNLER\/H\u0130ZMETLER<\/li>\n<\/ol>\n<p>2.1. Sipari\u015f konusu \u00dcr\u00fcnler\/Hizmetler, i\u015fbu Mesafeli Sat\u0131\u015f S\u00f6zle\u015fmesi\u2019nin (\u201cS\u00f6zle\u015fme\u201d)<\/p>\n<p>addedilmesinden \u00f6nce <a href=\"http:\/\/www.tablosan.com\">www.tablosan.com<\/a> kay\u0131t adresinden se\u00e7mi\u015f ve \u00f6demesini<\/p>\n<p>yapm\u0131\u015f oldu\u011funuz \u00fcr\u00fcnlerdir.<\/p>\n<ol start=\"3\">\n<li>S\u00d6ZLE\u015eMEN\u0130N KONUSU<\/li>\n<\/ol>\n<p>3.1. \u0130\u015fbu S\u00f6zle\u015fme\u2019nin konusu, ALICI\u2019n\u0131n SATICI\u2019ya ait <a href=\"http:\/\/www.tablosan.com\">www.tablosan.com<\/a> adl\u0131 internet sitesinden (\u201cSite\u201d) elektronik ortamda sipari\u015f vererek sat\u0131n ald\u0131\u011f\u0131, \u0130nternet Sitesi\u2019nde<\/p>\n<p>yaz\u0131l\u0131 nitelikteki, sat\u0131\u015f fiyat\u0131 internet sitesinde ve \u00f6n bilgilendirme formunda belirtilen ve bu \u015fartlar<\/p>\n<p>alt\u0131nda ALICI\u2019ya sunulan \u00fcr\u00fcn\u00fcn\/hizmetin sat\u0131\u015f\u0131na ili\u015fkin olarak 6502 say\u0131l\u0131 T\u00fcketicinin<\/p>\n<p>Korunmas\u0131 Hakk\u0131nda Kanun (\u201cKanun\u201d) ve Mesafeli S\u00f6zle\u015fmeler Y\u00f6netmeli\u011fi (\u201cY\u00f6netmelik\u201d)<\/p>\n<p>h\u00fck\u00fcmleri uyar\u0131nca Taraflar\u0131n hak ve y\u00fck\u00fcml\u00fcl\u00fcklerinin saptanmas\u0131d\u0131r.<\/p>\n<p>3.2. ALICI, yukar\u0131da belirtilen sat\u0131\u015fa konu \u00fcr\u00fcn\u00fcn\/hizmetin temel nitelikleri, sat\u0131\u015f fiyat\u0131, adedi, \u00f6deme<\/p>\n<p>\u015fekli ve benzeri t\u00fcm bilgiler ile Cayma Hakk\u0131 ve \u0130ade Politikas\u0131 konusunda bilgi sahibi oldu\u011funu,<\/p>\n<p>bu bilgileri elektronik ortamda kendi iradesiyle teyit etti\u011fini ve sonras\u0131nda \u00fcr\u00fcn\u00fc\/hizmeti \u00f6deme<\/p>\n<p>i\u015flemlerini tamamlayarak sat\u0131n ald\u0131\u011f\u0131n\u0131 kabul ve beyan eder.<\/p>\n<ol start=\"4\">\n<li>TARAFLARIN HAK ve Y\u00dcK\u00dcML\u00dcL\u00dcKLER\u0130<\/li>\n<\/ol>\n<p>4.1. \u0130\u015fbu S\u00f6zle\u015fme\u2019nin taraflar\u0131 ALICI ile SATICI\u2019d\u0131r. Bu kapsamda, i\u015fbu S\u00f6zle\u015fme\u2019de belirlenen<\/p>\n<p>y\u00fck\u00fcml\u00fcl\u00fcklerin yerine getirilmesi ile ilgili t\u00fcm sorumluluk S\u00f6zle\u015fme\u2019nin taraflar\u0131na aittir.<\/p>\n<p>4.2. ALICI, <a href=\"http:\/\/www.tablosan.com\">www.tablosan.com<\/a> sitesinde sunulan herhangi bir \u00e7evrimi\u00e7i<\/p>\n<p>\u00fcr\u00fcn\/hizmetten faydalanabilmek i\u00e7in esas olarak kay\u0131t ekran\u0131nda bulunan formu doldurmal\u0131 ve<\/p>\n<p>yine ayn\u0131 sayfada bulunan \u0130DANOVA E T\u0130CARET VE B\u0130L\u0130\u015e\u0130M H\u0130ZM T\u0130C LTD \u015eT\u0130 Banka<\/p>\n<p>hesab\u0131na \u00fcr\u00fcn\/hizmet bedelini havale y\u00f6ntemi ile veya kredi kart\u0131 ile \u00f6demelidir.<\/p>\n<p>4.3. ALICI, gerek kendisinden gerekse de \u00f6deme i\u00e7in kullan\u0131lan bankadan kaynaklanan herhangi bir<\/p>\n<p>nedenle S\u00f6zle\u015fme konusu \u00fcr\u00fcn\/hizmet bedelinin \u00f6denmemesi ve\/veya \u00f6deme i\u015fleminin iptal<\/p>\n<p>edilmesi gibi hallerde, SATICI\u2019n\u0131n S\u00f6zle\u015fme konusu \u00fcr\u00fcn\/hizmet kapsam\u0131ndaki edimini ifa etme<\/p>\n<p>y\u00fck\u00fcml\u00fcl\u00fc\u011f\u00fcn\u00fcn sona erece\u011fini kabul, beyan ve taahh\u00fct eder.<\/p>\n<p>4.4. ALICI, site \u00fczerinden sat\u0131n almak istedi\u011fi \u00fcr\u00fcn\/hizmet i\u00e7in SATICI taraf\u0131ndan belirlenen sat\u0131\u015f<\/p>\n<p>bedelinin fahi\u015f olmad\u0131\u011f\u0131n\u0131, sat\u0131n alma esnas\u0131nda se\u00e7ili \u00fcr\u00fcn(ler)\/hizmet(ler) i\u00e7in belirlenmi\u015f olan<\/p>\n<p>bedelinin SATICI taraf\u0131ndan herhangi bir zamanda de\u011fi\u015ftirilebilece\u011fini, bu do\u011frultuda kay\u0131t<\/p>\n<p>ekran\u0131nda uzun s\u00fcreli bekleme ger\u00e7ekle\u015fmesi ve sat\u0131n alma i\u015fleminin s\u00fcr\u00fcncemede b\u0131rak\u0131lmas\u0131<\/p>\n<p>durumunda se\u00e7ili \u00fcr\u00fcn\/hizmet i\u00e7in belirlenen sat\u0131\u015f bedelinin de de\u011fi\u015febilece\u011fini, bu durumda<\/p>\n<p>SATICI\u2019n\u0131n herhangi bir sorumlulu\u011fu bulunmad\u0131\u011f\u0131n\u0131 pe\u015finen kabul, beyan ve taahh\u00fct eder.<\/p>\n<p>4.5. ALICI, sat\u0131n alm\u0131\u015f oldu\u011fu \u00e7evrimi\u00e7i \u00fcr\u00fcnleri\/e\u011fitimleri\/etkinlikleri izin ve yetki verilen s\u0131n\u0131rlar\u0131n d\u0131\u015f\u0131nda kullanmayaca\u011f\u0131n\u0131 ve aksi belirtilmedik\u00e7e kaydetmeyece\u011fini; S\u00f6zle\u015fme\u2019de say\u0131lan y\u00fck\u00fcml\u00fcl\u00fcklerine uymamas\u0131 halinde ise SATICI\u2019n\u0131n u\u011frayabilece\u011fi t\u00fcm maddi ve manevi<\/p>\n<p>zararlar\u0131 tazmin edece\u011fini kabul, beyan ve taahh\u00fct eder.<\/p>\n<p>4.6. SATICI, ALICI taraf\u0131ndan sat\u0131n al\u0131nan \u00fcr\u00fcne\/\u00e7evrimi\u00e7i e\u011fitime\/etkinli\u011fe kat\u0131l\u0131m i\u00e7in gereken ko\u015fullar\u0131 ve bilgileri sat\u0131\u015f i\u015fleminin tamamlanmas\u0131n\u0131 takiben makul s\u00fcre i\u00e7erisinde ALICI\u2019ya bildirmekle<\/p>\n<p>y\u00fck\u00fcml\u00fcd\u00fcr.<\/p>\n<p>4.7. SATICI taraf\u0131ndan bildirilen bilgiler ve ko\u015fullar do\u011frultusunda \u00e7evrimi\u00e7i ger\u00e7ekle\u015ftirilecek olan<\/p>\n<p>e\u011fitime\/etkinli\u011fe ALICI\u2019n\u0131n, SATICI kusuru ile kat\u0131lamama hari\u00e7 olmak \u00fczere, kendisinden<\/p>\n<p>kaynaklanan sebeplerle kat\u0131lmamas\u0131, hizmetin kesintiye u\u011framas\u0131 durumlar\u0131nda SATICI\u2019n\u0131n bir<\/p>\n<p>sorumlulu\u011fu bulunmayacak olup, ALICI sat\u0131n alm\u0131\u015f fakat kat\u0131lmam\u0131\u015f oldu\u011fu e\u011fitim\/etkinlik i\u00e7in<\/p>\n<p>telafi talebinde bulunmayaca\u011f\u0131n\u0131 pe\u015finen kabul, beyan ve taahh\u00fct eder.<\/p>\n<p>4.8. ALICI, SATICI\u2019ya ait internet sitesi \u00fczerinden yapaca\u011f\u0131 al\u0131\u015fveri\u015f i\u015flemi esnas\u0131nda verdi\u011fi ki\u015fisel<\/p>\n<p>ve di\u011fer sair bilgilerin ger\u00e7e\u011fe uygun oldu\u011funu, SATICI\u2019n\u0131n bu bilgilerin ger\u00e7e\u011fe ayk\u0131r\u0131l\u0131\u011f\u0131<\/p>\n<p>nedeniyle u\u011frayaca\u011f\u0131 t\u00fcm zararlar\u0131, SATICI\u2019n\u0131n ilk bildirimi \u00fczerine derhal, nakden ve defaten<\/p>\n<p>tazmin edece\u011fini beyan ve taahh\u00fct eder.<\/p>\n<p>4.9. Sistem hatalar\u0131ndan meydana gelen fiyat yanl\u0131\u015fl\u0131klar\u0131ndan www.ozdisan.comn.com sorumlu de\u011fildir. Buna istinaden sat\u0131c\u0131, internet sitesindeki sistemden, dizayndan veya yasad\u0131\u015f\u0131 yollarla internet sitesine yap\u0131labilecek m\u00fcdahaleler sebebiyle ortaya \u00e7\u0131kabilecek tan\u0131t\u0131m, fiyat hatalar\u0131ndan sorumlu de\u011fildir. Sistem hatalar\u0131na dayal\u0131 olarak al\u0131c\u0131 sat\u0131c\u0131dan hak iddias\u0131nda bulunamaz.<\/p>\n<ol start=\"5\">\n<li>CAYMA HAKKI<\/li>\n<\/ol>\n<p>5.1 <strong>\u00dcr\u00fcn \u0130ade:<\/strong><\/p>\n<p>Al\u0131c\u0131 mal\u0131 teslim ald\u0131ktan sonra T\u00fcketicilerin Korunmas\u0131 Hakk\u0131nda Kanun madde 48 h\u00fckm\u00fc uyar\u0131nca 14 (OND\u00d6RT) g\u00fcn i\u00e7erisinde herhangi bir gerek\u00e7e g\u00f6stermeksizin ve cezai \u015fart \u00f6demeksizin s\u00f6zle\u015fmeden cayma hakk\u0131na sahiptir. 385 say\u0131l\u0131 vergi usul kanunu genel tebli\u011fi uyar\u0131nca iade i\u015flemlerinin yap\u0131labilmesi i\u00e7in al\u0131c\u0131n\u0131n mal ile birlikte teslim edilen sat\u0131c\u0131ya ait faturan\u0131n alt k\u0131sm\u0131ndaki iade b\u00f6l\u00fcmlerini eksiksiz ve do\u011fru \u015fekilde doldurduktan sonra imzalayarak bir n\u00fcshas\u0131n\u0131 \u00fcr\u00fcn ile birlikte sat\u0131c\u0131ya g\u00f6ndermesi di\u011fer n\u00fcshas\u0131n\u0131 da uhdesinde tutmas\u0131 gerekmektedir. Cayma hakk\u0131 s\u00fcresi al\u0131c\u0131ya mal\u0131n teslim edildi\u011fi g\u00fcnden itibaren ba\u015flar. \u0130ade edilen \u00fcr\u00fcn veya \u00fcr\u00fcnlerin geri g\u00f6nderim bedeli al\u0131c\u0131 taraf\u0131ndan kar\u015f\u0131lanmal\u0131d\u0131r. E fatura kesilmi\u015f al\u0131c\u0131lar\u0131n \u00fcr\u00fcn kargoya verilmeden a\u015fa\u011f\u0131da verilen firma bilgilerine iade faturas\u0131 d\u00fczenlemesi gerekmektedir.<\/p>\n<table width=\"590\">\n<tbody>\n<tr>\n<td colspan=\"2\" width=\"590\"><strong>\u0130DANOVA E T\u0130CARET VE B\u0130L\u0130\u015e\u0130M H\u0130ZM. T\u0130C. LTD. \u015eT\u0130. <\/strong><\/td>\n<\/tr>\n<tr>\n<td colspan=\"2\" width=\"590\">Bah\u00e7e\u015fehir 2. K\u0131s\u0131m Mah. 8. Cadde<\/p>\n<p>Cem Dostlar Sitesi No:14U \u0130\u00e7 Kap\u0131 No:1<\/td>\n<\/tr>\n<tr>\n<td colspan=\"2\" width=\"590\">BA\u015eAK\u015eEH\u0130R \/ \u0130STANBUL<\/td>\n<\/tr>\n<tr>\n<td width=\"360\"><\/td>\n<td width=\"231\"><\/td>\n<\/tr>\n<tr>\n<td width=\"360\">Ba\u015fak\u015fehir VD \/ 470 063 1151<\/td>\n<td width=\"231\"><\/td>\n<\/tr>\n<tr>\n<td width=\"360\"><\/td>\n<td width=\"231\"><\/td>\n<\/tr>\n<\/tbody>\n<\/table>\n<p>&nbsp;<\/p>\n<p>Al\u0131c\u0131n\u0131n istekleri ve\/veya a\u00e7\u0131k\u00e7a onun ki\u015fisel ihtiya\u00e7lar\u0131 do\u011frultusunda haz\u0131rlanan \u00fcr\u00fcnler i\u00e7in cayma hakk\u0131 s\u00f6z konusu de\u011fildir.<\/p>\n<p>Al\u0131c\u0131n\u0131n cayma hakk\u0131n\u0131 kullanmas\u0131 halinde sat\u0131c\u0131, cayma bildirimini i\u00e7eren faturan\u0131n \u00fcr\u00fcnle birlikte kendisine ula\u015fmas\u0131ndan itibaren en ge\u00e7 on g\u00fcn i\u00e7erisinde alm\u0131\u015f oldu\u011fu toplam bedeli ve varsa t\u00fcketiciyi bor\u00e7 alt\u0131na sokan her t\u00fcrl\u00fc belgeyi t\u00fcketiciye hi\u00e7bir masraf y\u00fcklemeden iade edecektir.<\/p>\n<p>Teslim al\u0131nm\u0131\u015f olan mal\u0131n de\u011ferinin azalmas\u0131 veya iadeyi imk\u00e2ns\u0131z k\u0131lan bir nedenin varl\u0131\u011f\u0131 cayma hakk\u0131n\u0131n kullan\u0131lmas\u0131na engel de\u011fildir. Ancak de\u011fer azalmas\u0131 veya iadenin imk\u00e2ns\u0131zla\u015fmas\u0131 t\u00fcketicinin kusurundan kaynaklan\u0131yorsa sat\u0131c\u0131ya mal\u0131n de\u011ferini veya de\u011ferindeki azalmay\u0131 tazmin etmesi gerekir.<\/p>\n<p>Sehven al\u0131nan her \u00fcr\u00fcn i\u00e7in de genel iade s\u00fcresi 7 g\u00fcnd\u00fcr. Bu s\u00fcre i\u00e7erisinde, kullan\u0131lm\u0131\u015f, tahrip edilmi\u015f vesaire \u015fekildeki \u00fcr\u00fcnlerin iadesi kabul edilmez. \u0130ade, orijinal ambalaj ile yap\u0131lmal\u0131d\u0131r.<\/p>\n<p>\u00dcr\u00fcn iadesi i\u00e7in, durum \u00f6ncelikli olarak m\u00fc\u015fteri hizmetlerine iletilmelidir. \u00dcr\u00fcn\u00fcn iade olarak g\u00f6nderilme bilgisi, sat\u0131c\u0131 taraf\u0131ndan m\u00fc\u015fteriye iletilir. Bu g\u00f6r\u00fc\u015fmeden sonra \u00fcr\u00fcn iade ile ilgili bilgileri i\u00e7eren fatura ile birlikte al\u0131c\u0131 adresine teslimat\u0131 yapan Kargo \u015firketi kanal\u0131yla sat\u0131c\u0131ya ula\u015ft\u0131rmal\u0131d\u0131r. Sat\u0131c\u0131ya ula\u015fan iade \u00fcr\u00fcn i\u015f bu s\u00f6zle\u015fmede belirtilen ko\u015fullar\u0131 sa\u011flad\u0131\u011f\u0131 takdirde iade olarak kabul edilir, geri \u00f6demesi de al\u0131c\u0131 kredi kart\u0131na\/hesab\u0131na yap\u0131l\u0131r. \u00dcr\u00fcn iade edilmeden bedel iadesi yap\u0131lmaz. Kredi Kart\u0131na yap\u0131lan iadelerin kredi kart\u0131 hesaplar\u0131na yans\u0131ma s\u00fcresi ilgili bankan\u0131n tasarrufundad\u0131r.<\/p>\n<p>Al\u0131\u015fveri\u015f kredi kart\u0131 ile ve taksitli olarak yap\u0131lm\u0131\u015fsa, kredi kart\u0131na iade prosed\u00fcr\u00fc \u015fu \u015fekilde uygulanacakt\u0131r: Al\u0131c\u0131 \u00fcr\u00fcn\u00fc ka\u00e7 taksit ile sat\u0131n alma talebini iletmi\u015f ise, Banka al\u0131c\u0131ya geri \u00f6demesini taksitle yapmaktad\u0131r. Sat\u0131c\u0131, bankaya \u00fcr\u00fcn bedelinin tamam\u0131n\u0131 tek seferde \u00f6dedikten sonra, Banka poslar\u0131ndan yap\u0131lan taksitli harcamalar\u0131n al\u0131c\u0131n\u0131n kredi kart\u0131na iadesi durumunda konuya m\u00fcdahil taraflar\u0131n ma\u011fdur duruma d\u00fc\u015fmemesi i\u00e7in talep edilen iade tutarlar\u0131, yine taksitli olarak hamil taraf hesaplar\u0131na Banka taraf\u0131ndan aktar\u0131l\u0131r. Al\u0131c\u0131n\u0131n sat\u0131\u015f iptaline kadar \u00f6demi\u015f oldu\u011fu taksit tutarlar\u0131, e\u011fer iade tarihi ile kart\u0131n hesap kesim tarihleri \u00e7ak\u0131\u015fmazsa her ay karta 1(bir) iade yans\u0131yacak ve al\u0131c\u0131 iade \u00f6ncesinde \u00f6demi\u015f oldu\u011fu taksitleri sat\u0131\u015f\u0131n taksitleri bittikten sonra, iade \u00f6ncesinde \u00f6demi\u015f oldu\u011fu taksit say\u0131s\u0131 kadar ay daha alacak ve mevcut bor\u00e7lar\u0131ndan d\u00fc\u015fm\u00fc\u015f olacakt\u0131r.<\/p>\n<p>Kart ile al\u0131nm\u0131\u015f mal ve hizmetin iadesi durumunda sat\u0131c\u0131, Banka ile yapm\u0131\u015f oldu\u011fu s\u00f6zle\u015fme gere\u011fi al\u0131c\u0131ya nakit para ile \u00f6deme yapamaz. \u00dcye i\u015fyeri yani sat\u0131c\u0131, bir iade i\u015flemi s\u00f6z konusu oldu\u011funda ilgili yaz\u0131l\u0131m arac\u0131l\u0131\u011f\u0131 ile iadesini yapacak olup, \u00fcye i\u015fyeri yani sat\u0131c\u0131 ilgili tutar\u0131 Bankaya nakden veya mahsuben \u00f6demekle y\u00fck\u00fcml\u00fc oldu\u011fundan yukar\u0131da detaylar\u0131 belirtilen prosed\u00fcr gere\u011fince al\u0131c\u0131ya nakit olarak \u00f6deme yap\u0131lamamaktad\u0131r. Kredi kart\u0131na iade, al\u0131c\u0131n\u0131n Bankaya bedeli tek seferde \u00f6demesinden sonra, Banka taraf\u0131ndan yukar\u0131daki prosed\u00fcr gere\u011fince yap\u0131lacakt\u0131r.<\/p>\n<p>5.2. SATICI taraf\u0131ndan belirlenen t\u00fcketici lehine cayma politikas\u0131 kapsam\u0131nda ise ALICI, \u00f6demeyi<\/p>\n<p>tamamlayarak sat\u0131n alm\u0131\u015f oldu\u011fu \u00e7evrimi\u00e7i e\u011fitim\/etkinlikleri, SATICI taraf\u0131ndan bildirilen<\/p>\n<p>e\u011fitim\/etkinlik ba\u015flang\u0131\u00e7 zaman\u0131ndan en az 3 (\u00fc\u00e7) g\u00fcn \u00f6ncesinden bildirmek ko\u015fuluyla iade<\/p>\n<p>edebilecek, hi\u00e7bir tazminat ve kesinti ile kar\u015f\u0131la\u015fmaks\u0131z\u0131n s\u00f6zle\u015fmeden d\u00f6nme hakk\u0131na sahip<\/p>\n<p>olacakt\u0131r.<\/p>\n<p>5.3. ALICI, 5.2 maddesinde belirtilen iade talebini satis@tablosan.com adresine e-mail atarak<\/p>\n<p>SATICI\u2019ya bildirecektir. \u00dcr\u00fcn\/Hizmet i\u00e7in yap\u0131lan \u00f6demenin iadesi, \u00f6deme y\u00f6ntemine ba\u011fl\u0131<\/p>\n<p>olarak ALICI\u2019n\u0131n kredi kart\u0131na veya banka hesab\u0131na iade talebinden itibaren 10 g\u00fcn i\u00e7erisinde<\/p>\n<p>ger\u00e7ekle\u015ftirilecektir.<\/p>\n<p>5.4. Cayma ve \u0130ade hakk\u0131 ile ilgili bu S\u00f6zle\u015fme\u2019de d\u00fczenlenmeyen hususlarda i\u015fbu S\u00f6zle\u015fme\u2019nin<\/p>\n<p>ayr\u0131lmaz bir par\u00e7as\u0131 olan Cayma Hakk\u0131 ve \u0130ade Politikas\u0131 h\u00fck\u00fcmleri uygulanacakt\u0131r.<\/p>\n<ol start=\"6\">\n<li>F\u0130YATLARA VE \u00d6DEMEYE \u0130L\u0130\u015eK\u0130N H\u00dcK\u00dcMLER<\/li>\n<\/ol>\n<p>6.1. ALICI taraf\u0131ndan Site\u2019den sat\u0131n al\u0131nan \u00fcr\u00fcnlerin\/hizmetlerin bedeli, kay\u0131t ekran\u0131nda ve ALICI\u2019ya<\/p>\n<p>elektronik ortamda g\u00f6nderilen fatura i\u00e7eri\u011finde belirtilmi\u015ftir. Aksi ayr\u0131ca belirtilmedik\u00e7e, fiyatlara<\/p>\n<p>KDV dahildir.<\/p>\n<p>6.2. ALICI, sat\u0131n alm\u0131\u015f oldu\u011fu \u00fcr\u00fcne\/hizmete ili\u015fkin bedeli kart veya havale y\u00f6ntemi ile yapabilir. Havale\/EFT \u00f6deme y\u00f6nteminde sipari\u015f talebini olu\u015fturduktan itibaren 48 (k\u0131rksekiz) saat i\u00e7erisinde www.tablosan.com\/bankalar sayfas\u0131nda bulunan veya a\u015fa\u011f\u0131da bulunan \u0130DANOVA E T\u0130CARET VE B\u0130L\u0130\u015e\u0130M H\u0130ZM T\u0130C LTD \u015eT\u0130 Banka hesab\u0131na havale y\u00f6ntemi ile g\u00f6nderecektir. S\u00f6z konusu<\/p>\n<p>bedelin i\u015fbu maddede belirlenen s\u00fcre i\u00e7erisinde g\u00f6nderilmemesi, eksik g\u00f6nderilmesi, g\u00f6ndericiye<\/p>\n<p>iade olunmas\u0131 vb. sebeplerle SATICI\u2019ya ula\u015fmamas\u0131 durumunda sat\u0131\u015f i\u015flemi tamamlanmam\u0131\u015f<\/p>\n<p>olaca\u011f\u0131ndan i\u015fbu S\u00f6zle\u015fme ili\u015fkisi en ba\u015ftan itibaren ge\u00e7ersiz addedilecektir.<\/p>\n<p><strong>Hesap Ad\u0131:<\/strong> \u0130DANOVA E T\u0130CARET VE B\u0130L\u0130\u015e\u0130M H\u0130ZM T\u0130C LTD \u015eT\u0130<\/p>\n<p><strong>Para Birimi: <\/strong>T\u00fcrk Liras\u0131 (\u20ba)<\/p>\n<ol>\n<li><strong> \u0130\u015e BANKASI:<\/strong> TR72 0006 4000 0011 4790 0792 91<\/li>\n<\/ol>\n<p><strong>VAKIFBANK: <\/strong>TR50 0001 5001 5800 7336 2219 50<\/p>\n<p>6.3. ALICI taraf\u0131ndan kredi kart\u0131 ile taksitli al\u0131\u015fveri\u015f yap\u0131lmas\u0131 durumunda ALICI\u2019n\u0131n Site\u2019de se\u00e7mi\u015f<\/p>\n<p>oldu\u011fu taksit say\u0131s\u0131 ge\u00e7erlidir. Taksitlendirme i\u015flemlerinde, ALICI ile kart sahibi banka aras\u0131nda<\/p>\n<p>y\u00fcr\u00fcrl\u00fckte bulunan s\u00f6zle\u015fmenin ilgili h\u00fck\u00fcmleri ge\u00e7erli olup SATICI\u2019n\u0131n bu ve benzeri \u00f6deme<\/p>\n<p>konular\u0131nda herhangi bir y\u00fck\u00fcml\u00fcl\u00fc\u011f\u00fc bulunmamaktad\u0131r.<\/p>\n<ol start=\"7\">\n<li>M\u00dcCB\u0130R SEBEPLER<\/li>\n<\/ol>\n<p>7.1. Taraflar aras\u0131ndaki S\u00f6zle\u015fme\u2019nin d\u00fczenlendi\u011fi tarihte var olmayan ve SATICI\u2019n\u0131n kontrol\u00fc<\/p>\n<p>d\u0131\u015f\u0131nda geli\u015fen, ortaya \u00e7\u0131kmas\u0131yla SATICI\u2019n\u0131n S\u00f6zle\u015fme ile y\u00fcklendi\u011fi bor\u00e7 ve sorumluluklar\u0131n\u0131<\/p>\n<p>k\u0131smen ya da tamamen veya zaman\u0131nda yerine getirmesini imkans\u0131zla\u015ft\u0131ran do\u011fal afetler (deprem,<\/p>\n<p>sel, yang\u0131n, kas\u0131rga vb.), sosyal patlamalar (b\u00fcy\u00fck \u00e7apl\u0131 isyan \u00e7\u0131kmas\u0131, genel grev vb.), salg\u0131n<\/p>\n<p>hastal\u0131klar, mevzuatla getirilen yasaklamalar ve engellemeler, ablukalar, ambargolar, ki\u015filerin \u00f6zel<\/p>\n<p>4<\/p>\n<p>mal varl\u0131\u011f\u0131na b\u00fcy\u00fck \u00e7apl\u0131 ve tamamen el koymalar, b\u00fcy\u00fck ekonomik krizler, kazalar, h\u0131rs\u0131zl\u0131klar<\/p>\n<p>ve bunlarla s\u0131n\u0131rl\u0131 olmamak \u00fczere benzeri haller m\u00fccbir sebep olarak kabul edilir.<\/p>\n<p>7.2. M\u00fccbir Sebep durumunda SATICI, i\u015fbu S\u00f6zle\u015fme ile y\u00fcklenmi\u015f oldu\u011fu edimleri tek tarafl\u0131 olarak<\/p>\n<p>makul s\u00fcre i\u00e7in erteleyebilir ya da \u00f6denen bedelin iadesini yaparak yerine getirmekten tazminats\u0131z<\/p>\n<p>olarak ka\u00e7\u0131nabilir.<\/p>\n<p>7.3. M\u00fccbir sebebin 30 g\u00fcnden fazla s\u00fcrmesi halinde ALICI i\u015fbu S\u00f6zle\u015fme\u2019yi feshederek \u00f6dedi\u011fi<\/p>\n<p>bedelin iadesini talep edebilir. ALICI taraf\u0131ndan yap\u0131lan \u00f6demelerin iadesi hususunda i\u015fbu<\/p>\n<p>S\u00f6zle\u015fme ile Cayma Hakk\u0131 ve \u0130ade Politikas\u0131 h\u00fck\u00fcmleri uygulanacakt\u0131r.<\/p>\n<ol start=\"8\">\n<li>UYGULANACAK HUKUK VE YETK\u0130L\u0130 YARGI YER\u0130<\/li>\n<\/ol>\n<p>8.1. Taraflar, i\u015fbu S\u00f6zle\u015fme sebebiyle aralar\u0131nda do\u011facak her t\u00fcrl\u00fc uyu\u015fmazl\u0131kta Taraflar\u2019\u0131n ticari<\/p>\n<p>defter, kay\u0131t ve belgeleri ile bilgisayar, faks kay\u0131tlar\u0131n\u0131n, e-posta yaz\u0131\u015fmalar\u0131n\u0131n 6100 say\u0131l\u0131 Hukuk<\/p>\n<p>Muhakemeleri Kanunu\u2019nun 193. maddesi uyar\u0131nca kesin delil h\u00fckm\u00fcnde olaca\u011f\u0131n\u0131 kabul, beyan<\/p>\n<p>ve taahh\u00fct eder.<\/p>\n<p>8.2. \u0130\u015fbu S\u00f6zle\u015fme ALICI\u2019n\u0131n \u00f6deme yapmas\u0131ndan \u00f6nce Taraflar aras\u0131nda elektronik ortamda<\/p>\n<p>d\u00fczenlenmi\u015f ve onaylanm\u0131\u015ft\u0131r. Bu kapsamda, i\u015fbu S\u00f6zle\u015fme, Taraflar aras\u0131nda yaz\u0131l\u0131 s\u00f6zle\u015fme<\/p>\n<p>yap\u0131lm\u0131\u015f gibi h\u00fck\u00fcm ve sonu\u00e7 do\u011furur.<\/p>\n<p>8.3. \u0130\u015fbu S\u00f6zle\u015fme\u2019nin uygulamas\u0131ndan kaynaklanacak ihtilaflar\u0131n \u00e7\u00f6z\u00fcm\u00fcnde 6502 Say\u0131l\u0131 T\u00fcketicinin<\/p>\n<p>Korunmas\u0131 Hakk\u0131nda Kanunun 68 inci ve T\u00fcketici Hakem Heyetleri Y\u00f6netmeli\u011finin 6 nc\u0131<\/p>\n<p>Maddelerinde Yer Alan Parasal S\u0131n\u0131rlar\u0131n Art\u0131r\u0131lmas\u0131na \u0130li\u015fkin Tebli\u011f\u2019de belirlenen s\u0131n\u0131rlar<\/p>\n<p>g\u00f6zetilerek ALICI\u2019n\u0131n yerle\u015fim yerinin bulundu\u011fu veya t\u00fcketici i\u015fleminin yap\u0131ld\u0131\u011f\u0131 yerdeki<\/p>\n<p>T\u00fcketici Hakem Heyeti veya T\u00fcketici Mahkemesi yetkilidir.<\/p>\n<p>SATICI: \u0130DANOVA E T\u0130CARET VE B\u0130L\u0130\u015e\u0130M H\u0130ZM T\u0130C LTD \u015eT\u0130<\/p>\n<table width=\"543\">\n<tbody>\n<tr>\n<td width=\"543\">Adresi: Bah\u00e7e\u015fehir 2. K\u0131s\u0131m Mah. 8. Cad. Cem Dostlar Sitesi No:14U \u0130\u00e7 Kap\u0131 No:1 BA\u015eAK\u015eEH\u0130R \/ \u0130STANBUL<\/td>\n<\/tr>\n<\/tbody>\n<\/table>\n<p>&nbsp;<\/p>\n<p>\u0130nternet Sitesi: <strong>www.tablosan.com<\/strong><\/p>\n<p>E-posta : satis@tablosan.com<\/p>\n<p>Tel. No: +90 (549) 474 1925<\/p>\n<p>Ticaret Sicil No: 30694-5<\/p>\n<p>MERS\u0130S No: 0470063115100019<\/p>\n<p>ALICI:<\/p>\n<p>Telefon:<\/p>\n<p>Adresi :<\/p>\n<p>E-posta:<\/p>\n<p>IP Adresi[\/vc_column_text][\/vc_column][\/vc_row]<\/p>\n<\/div>","protected":false},"excerpt":{"rendered":"<p>[vc_row][vc_column][vc_column_text css=&#8221;&#8221; woodmart_inline=&#8221;no&#8221; text_larger=&#8221;no&#8221;]\u00a0 S\u00d6ZLE\u015eMEN\u0130N TARAFLARI SATICI: \u0130DANOVA E T\u0130CARET VE B\u0130L\u0130\u015e\u0130M H\u0130ZM T\u0130C LTD \u015eT\u0130 ADRES: Bah\u00e7e\u015fehir 2. K\u0131s\u0131m<\/p>\n","protected":false},"author":1,"featured_media":0,"parent":0,"menu_order":0,"comment_status":"closed","ping_status":"closed","template":"","meta":{"footnotes":""},"class_list":["post-220299","page","type-page","status-publish","hentry"],"_links":{"self":[{"href":"https:\/\/tablosan.com\/index.php\/wp-json\/wp\/v2\/pages\/220299","targetHints":{"allow":["GET"]}}],"collection":[{"href":"https:\/\/tablosan.com\/index.php\/wp-json\/wp\/v2\/pages"}],"about":[{"href":"https:\/\/tablosan.com\/index.php\/wp-json\/wp\/v2\/types\/page"}],"author":[{"embeddable":true,"href":"https:\/\/tablosan.com\/index.php\/wp-json\/wp\/v2\/users\/1"}],"replies":[{"embeddable":true,"href":"https:\/\/tablosan.com\/index.php\/wp-json\/wp\/v2\/comments?post=220299"}],"version-history":[{"count":2,"href":"https:\/\/tablosan.com\/index.php\/wp-json\/wp\/v2\/pages\/220299\/revisions"}],"predecessor-version":[{"id":220301,"href":"https:\/\/tablosan.com\/index.php\/wp-json\/wp\/v2\/pages\/220299\/revisions\/220301"}],"wp:attachment":[{"href":"https:\/\/tablosan.com\/index.php\/wp-json\/wp\/v2\/media?parent=220299"}],"curies":[{"name":"wp","href":"https:\/\/api.w.org\/{rel}","templated":true}]}}