{"id":11,"date":"2025-08-21T20:48:34","date_gmt":"2025-08-21T17:48:34","guid":{"rendered":"https:\/\/tablosan.com\/?page_id=11"},"modified":"2025-08-27T02:31:55","modified_gmt":"2025-08-26T23:31:55","slug":"garanti-ve-iade","status":"publish","type":"page","link":"https:\/\/tablosan.com\/index.php\/garanti-ve-iade\/","title":{"rendered":"Garanti &#038; \u0130ade &#038; De\u011fi\u015fim"},"content":{"rendered":"<div class=\"wpb-content-wrapper\"><p>[vc_row][vc_column][vc_column_text css=&#8221;&#8221; woodmart_inline=&#8221;no&#8221; text_larger=&#8221;no&#8221;]<\/p>\n<h3><strong>Garanti Ko\u015fullar\u0131<\/strong><\/h3>\n<p>T\u00fcm \u00fcr\u00fcnler aksi belirtilmedi\u011fi takdirde 1 (bir) y\u0131l s\u00fcre ile firmam\u0131z garantisi alt\u0131ndad\u0131r. Garanti s\u00fcresi; \u00fcr\u00fcn\u00fcn t\u00fcketiciye teslim tarihinden itibaren ba\u015flar ve G\u00fcmr\u00fck ve Ticaret Bakanl\u0131\u011f\u0131nca \u00e7\u0131kar\u0131lan 29029 say\u0131l\u0131 Garanti Belgesi Y\u00f6netmeli\u011fi ve 6502 say\u0131l\u0131 kanun gere\u011fi tespit edilir. Garanti ko\u015fullar\u0131n\u0131n ge\u00e7erli olabilmesi i\u00e7in kargo teslimat\u0131 esnas\u0131nda \u00fcr\u00fcn\u00fc mutlaka kontrol ediniz. Herhangi bir hasar g\u00f6rd\u00fc\u011f\u00fcn\u00fczde tutanak tutturarak \u00fcr\u00fcn\u00fc teslim almay\u0131n\u0131z. \u00dcr\u00fcn \u00fczerinde yap\u0131lan de\u011fi\u015fiklikler, \u00fcr\u00fcn\u00fcn deforme olmas\u0131 ya da \u00fcr\u00fcn\u00fcn orijinal halinin bozulmas\u0131 sebebiyle \u00fcr\u00fcn garanti kapsam\u0131 d\u0131\u015f\u0131na \u00e7\u0131kacakt\u0131r.<\/p>\n<h3><strong>\u00dcr\u00fcn \u0130ade Ko\u015fullar\u0131 ve \u00dccret Politikas\u0131<\/strong><\/h3>\n<p>Sitemiz \u00fczerinden sat\u0131n ald\u0131\u011f\u0131n\u0131z \u00fcr\u00fcn\u00fcn kusurlu \u00e7\u0131kmas\u0131 veya ta\u015f\u0131ma s\u0131ras\u0131nda hasar g\u00f6rm\u00fc\u015f olmas\u0131 durumunda teslimat tarihinden itibaren en ge\u00e7 14 g\u00fcn i\u00e7erisinde <a href=\"http:\/\/www.tablosan.com\">www.tablosan.com<\/a> web sitemiz, <a href=\"mailto:siparis@tablosan.com\">siparis@tablosan.com<\/a> e-posta adresimiz veya +90 549 474 1925 numaral\u0131 telefon\/whatsapp destek hatt\u0131m\u0131zdan bizimle ileti\u015fim kurman\u0131z gerekmektedir. Bu i\u015flemleri \u00a0takiben kargo \u015firketi ile bize ula\u015ft\u0131raca\u011f\u0131n\u0131z hatal\u0131 \u00fcr\u00fcn yenisi ile de\u011fi\u015ftirilecektir. \u0130ade &amp; de\u011fi\u015fim i\u00e7in g\u00f6nderilen \u00fcr\u00fcn orijinal paketi ve destek-koruma malzemeleriyle birlikte tekrar paketlenerek kargoya verilmelidir. Bu a\u015famada sat\u0131c\u0131, kargodan hasarl\u0131 teslim al\u0131nan \u00fcr\u00fcnler \u00fczerinde her t\u00fcrl\u00fc hakk\u0131n\u0131 sakl\u0131 tutar.<\/p>\n<p>Sipari\u015f edilen \u00fcr\u00fcn\u00fcn hatas\u0131 m\u00fc\u015fteri kullan\u0131m\u0131ndan olu\u015fmu\u015fsa veya 14 g\u00fcnl\u00fck s\u00fcre i\u00e7erisinde \u00fcr\u00fcn kullan\u0131lm\u0131\u015fsa \u00fcr\u00fcn\u00fcn iade ve de\u011fi\u015fimi yap\u0131lmaz. \u00dcr\u00fcn iadesi ve de\u011fi\u015ftirme \u015fartlar\u0131 olarak, 6502 say\u0131l\u0131 T\u00fcketicinin Korunmas\u0131 Hakk\u0131nda Kanun gere\u011fi uygulamalar esast\u0131r.<\/p>\n<p>\u0130ptal etti\u011finiz \u00fcr\u00fcn\u00fcn \u00fccret iadesi bankan\u0131za ba\u011fl\u0131 olarak de\u011fi\u015fkenlik g\u00f6sterebilir. Bu s\u00fcre 10 (on) g\u00fcne kadar uzayabilir.<\/p>\n<p>\u0130ade etti\u011finiz \u00fcr\u00fcn\u00fcn \u00fccret iade s\u00fcreci a\u015fa\u011f\u0131daki gibidir:<\/p>\n<ul>\n<li>\u00dcr\u00fcn iade depomuza ula\u015ft\u0131ktan sonra en ge\u00e7 24 saat i\u00e7erisinde iade \u015fartlar\u0131na uygunlu\u011fu kontrol edilir.<\/li>\n<li>\u00dcr\u00fcn iade \u015fartlar\u0131na uygunsa, iadeniz onaylan\u0131r ve \u00fccret iadeniz bankan\u0131za ba\u011fl\u0131 olarak 2-10 i\u015f g\u00fcn\u00fc i\u00e7erisinde \u00f6deme yapm\u0131\u015f oldu\u011funuz kart\u0131n\u0131za yans\u0131r.<\/li>\n<li>\u00dcr\u00fcn iade \u015fartlar\u0131na uygun de\u011filse adresinize geri g\u00f6nderilir.<\/li>\n<li>Bankan\u0131za \u00fccret iadesi yap\u0131ld\u0131\u011f\u0131nda www.tablosan.com\u2019da bulunan e-posta adresinize bilgilendirme mesaj\u0131 g\u00f6nderilir. Tutar\u0131n kart\u0131n\u0131za\/hesab\u0131n\u0131za yans\u0131ma s\u00fcresi bankan\u0131za ba\u011fl\u0131d\u0131r.<\/li>\n<li>Taksitli yap\u0131lan al\u0131\u015fveri\u015flerin \u00fccreti tek seferde \u00f6denir; bankan\u0131zdaki i\u015fleminize ba\u011fl\u0131 olarak taksitli olarak iade edilebilir.<\/li>\n<li>Havale\/EFT ile yap\u0131lan \u00f6demelerin iadesi iletilen IBAN adresine geri g\u00f6nderilecektir.<\/li>\n<\/ul>\n<p>[\/vc_column_text]<div id=\"wd-68ae412051edb\" class=\" wd-rs-68ae412051edb  wd-button-wrapper text-center\"><a href=\"https:\/\/tablosan.com\/index.php\/iade-degisim-talep-formu\/\" title=\"\u0130ade &amp; De\u011fi\u015fim Talep Formu\" class=\"btn btn-color-primary btn-style-default btn-shape-semi-round btn-size-default\">\u0130ade &amp; De\u011fi\u015fim Talep Formu<\/a><\/div>[\/vc_column][\/vc_row]<\/p>\n<\/div>","protected":false},"excerpt":{"rendered":"<p>[vc_row][vc_column][vc_column_text css=&#8221;&#8221; woodmart_inline=&#8221;no&#8221; text_larger=&#8221;no&#8221;] Garanti Ko\u015fullar\u0131 T\u00fcm \u00fcr\u00fcnler aksi belirtilmedi\u011fi takdirde 1 (bir) y\u0131l s\u00fcre ile firmam\u0131z garantisi alt\u0131ndad\u0131r. Garanti<\/p>\n","protected":false},"author":1,"featured_media":0,"parent":0,"menu_order":0,"comment_status":"closed","ping_status":"closed","template":"","meta":{"footnotes":""},"class_list":["post-11","page","type-page","status-publish","hentry"],"_links":{"self":[{"href":"https:\/\/tablosan.com\/index.php\/wp-json\/wp\/v2\/pages\/11","targetHints":{"allow":["GET"]}}],"collection":[{"href":"https:\/\/tablosan.com\/index.php\/wp-json\/wp\/v2\/pages"}],"about":[{"href":"https:\/\/tablosan.com\/index.php\/wp-json\/wp\/v2\/types\/page"}],"author":[{"embeddable":true,"href":"https:\/\/tablosan.com\/index.php\/wp-json\/wp\/v2\/users\/1"}],"replies":[{"embeddable":true,"href":"https:\/\/tablosan.com\/index.php\/wp-json\/wp\/v2\/comments?post=11"}],"version-history":[{"count":5,"href":"https:\/\/tablosan.com\/index.php\/wp-json\/wp\/v2\/pages\/11\/revisions"}],"predecessor-version":[{"id":220485,"href":"https:\/\/tablosan.com\/index.php\/wp-json\/wp\/v2\/pages\/11\/revisions\/220485"}],"wp:attachment":[{"href":"https:\/\/tablosan.com\/index.php\/wp-json\/wp\/v2\/media?parent=11"}],"curies":[{"name":"wp","href":"https:\/\/api.w.org\/{rel}","templated":true}]}}